{"id":76648,"date":"2021-04-08T12:42:45","date_gmt":"2021-04-08T10:42:45","guid":{"rendered":"https:\/\/www.montessoriwithlove.fr\/?page_id=76648"},"modified":"2024-04-21T13:34:49","modified_gmt":"2024-04-21T11:34:49","slug":"press","status":"publish","type":"page","link":"https:\/\/www.montessoriwithlove.fr\/fr\/about-eli-and-montessori-with-love\/press\/","title":{"rendered":"presse"},"content":{"rendered":"<div class=\"wpb-content-wrapper\"><div data-parent=\"true\" class=\"vc_row row-container boomapps_vcrow\" id=\"row-unique-0\"><div class=\"row unequal col-double-gutter quad-top-padding quad-bottom-padding single-h-padding limit-width row-parent\"><div class=\"wpb_row row-inner\"><div class=\"wpb_column pos-middle pos-center align_center column_parent col-lg-6 boomapps_vccolumn single-internal-gutter\"><div class=\"uncol style-light\"  ><div class=\"uncoltable\"><div class=\"uncell  boomapps_vccolumn no-block-padding\" ><div class=\"uncont\" ><div class=\"uncode-single-media  text-left\"><div class=\"single-wrapper\" style=\"max-width: 100%;\"><a class=\"single-media-link\" href=\"https:\/\/www.francebleu.fr\/emissions\/c-est-qui-la-patronne\/pays-d-auvergne\/c-est-qui-la-patronne-c-est-eli-sykora\" target=\"_blank\"><div class=\"tmb tmb-light  tmb-img-ratio tmb-media-first tmb-media-last tmb-content-overlay tmb-no-bg\"><div class=\"t-inside\"><div class=\"t-entry-visual\"><div class=\"t-entry-visual-tc\"><div class=\"uncode-single-media-wrapper\"><div class=\"dummy\" style=\"padding-top: 56.2%;\"><\/div><img decoding=\"async\" class=\"wp-image-76653\" src=\"https:\/\/www.montessoriwithlove.fr\/wp-content\/uploads\/2021\/04\/radio-on-air-scaled-uai-1386x779.jpg\" width=\"1386\" height=\"779\" alt=\"radio on air\"><\/div>\n\t\t\t\t\t<\/div>\n\t\t\t\t<\/div><\/div><\/div><\/a><\/div><\/div><div class=\"vc_custom_heading_wrap\"><div class=\"heading-text el-text\" ><h3 class=\"h2\" ><span><span style=\"color: #f70889;\"><strong>France Bleu Pays d\u00b4Auvergne<\/strong><\/span><\/span><\/h3><div><p>26 mars 2021 - \"C\u00b4est qui la patronne\" par Patricia Farat<\/p>\n<p>Gr\u00e2ce au r\u00e9seau de femmes entrepreneures  \ud83d\udc69 \"Hey les filles c\u00b4est jeudi\", dont je fais partie, j'ai partag\u00e9 avec Arnaud mon parcours vers l'\u00e9ducation alternative.<\/p>\n<p>Comment je me suis retrouv\u00e9e \u00e0 Clermont-Ferrand \ud83d\udc97, ce que signifie Montessori pour moi et la raison pour laquelle j'ai lanc\u00e9 Montessori with Love en mars 2020.<\/p>\n<\/div><\/div><div class=\"clear\"><\/div><\/div><span class=\"btn-container\" ><a role=\"button\"  href=\"https:\/\/www.francebleu.fr\/emissions\/c-est-qui-la-patronne\/pays-d-auvergne\/c-est-qui-la-patronne-c-est-eli-sykora\" class=\"custom-link btn border-width-0 btn-accent btn-round btn-icon-left\" title=\"C\u00b4est qui la patronne\" target=\"_blank\"><i class=\"fa fa-soundcloud\"><\/i>\u00c9coutez<\/a><\/span><\/div><\/div><\/div><\/div><\/div><div class=\"wpb_column pos-top pos-center align_center column_parent col-lg-6 boomapps_vccolumn single-internal-gutter\"><div class=\"uncol style-light\"  ><div class=\"uncoltable\"><div class=\"uncell  boomapps_vccolumn no-block-padding\" ><div class=\"uncont\" ><div class=\"uncode-single-media  text-left\"><div class=\"single-wrapper\" style=\"max-width: 100%;\"><a class=\"single-media-link\" href=\"https:\/\/www.francebleu.fr\/emissions\/la-vie-en-bleu-auvergne-gourmande\/pays-d-auvergne\/la-vie-en-bleu-auvergne-gourmande-156\" target=\"_blank\"><div class=\"tmb tmb-light  tmb-img-ratio tmb-media-first tmb-media-last tmb-content-overlay tmb-no-bg\"><div class=\"t-inside\"><div class=\"t-entry-visual\"><div class=\"t-entry-visual-tc\"><div class=\"uncode-single-media-wrapper\"><div class=\"dummy\" style=\"padding-top: 56.3%;\"><\/div><img decoding=\"async\" class=\"wp-image-76650\" src=\"https:\/\/www.montessoriwithlove.fr\/wp-content\/uploads\/2021\/04\/Radio-scaled-uai-1642x924.jpg\" width=\"1642\" height=\"924\" alt=\"radio\"><\/div>\n\t\t\t\t\t<\/div>\n\t\t\t\t<\/div><\/div><\/div><\/a><\/div><\/div><div class=\"vc_custom_heading_wrap\"><div class=\"heading-text el-text\" ><h3 class=\"h2\" ><span><span style=\"color: #f70889;\"><strong>France Bleu Pays d\u00b4Auvergne<\/strong><\/span><\/span><\/h3><div><p>15 mars 2021 - \"La Vie en Bleu Auvergne gourmande\" par Lucie Agostinho<\/p>\n<p>J'ai \u00e9t\u00e9 invit\u00e9 par Diana &amp; Aur\u00e9lien, fondateurs de Clinton Hill, un coffee shop \u00e0 Clermont-Ferrand proposant d'excellentes sp\u00e9cialit\u00e9s de caf\u00e9 \u2615 ... J'avoue, je suis un COFFEE LOVER \ud83e\udd17<\/p>\n<p>18:27 c&#039;est quand Diana commence \u00e0 parler de Montessori with Love<\/p>\n<\/div><\/div><div class=\"clear\"><\/div><\/div><span class=\"btn-container\" ><a role=\"button\"  href=\"https:\/\/www.francebleu.fr\/emissions\/la-vie-en-bleu-auvergne-gourmande\/pays-d-auvergne\/la-vie-en-bleu-auvergne-gourmande-156\" class=\"custom-link btn border-width-0 btn-accent btn-round btn-icon-left\" title=\"Clinton Hill\" target=\"_blank\"><i class=\"fa fa-soundcloud\"><\/i>\u00c9coutez<\/a><\/span><\/div><\/div><\/div><\/div><\/div><script id=\"script-row-unique-0\" data-row=\"script-row-unique-0\" type=\"text\/javascript\" class=\"vc_controls\">UNCODE.initRow(document.getElementById(\"row-unique-0\"));<\/script><\/div><\/div><\/div>\n<\/div>","protected":false},"excerpt":{"rendered":"France Bleu Pays d\u00b4Auvergne26 mars 2021 - &quot;C\u00b4est qui la patronne&quot; de Patricia Farat Merci \u00e0 &quot;Hey les filles c\u00b4est [...]","protected":false},"author":1,"featured_media":76650,"parent":73730,"menu_order":0,"comment_status":"closed","ping_status":"closed","template":"","meta":{"footnotes":""},"class_list":["post-76648","page","type-page","status-publish","has-post-thumbnail","hentry"],"yoast_head":"<!-- This site is optimized with the Yoast SEO plugin v23.1 - https:\/\/yoast.com\/wordpress\/plugins\/seo\/ -->\n<title>Montessori with Love - Press<\/title>\n<meta name=\"description\" content=\"Do you want to know more about me &amp; Montessori with Love? Just listen...\" \/>\n<meta name=\"robots\" content=\"index, follow, max-snippet:-1, max-image-preview:large, max-video-preview:-1\" \/>\n<link rel=\"canonical\" href=\"https:\/\/www.montessoriwithlove.fr\/fr\/about-eli-and-montessori-with-love\/press\/\" \/>\n<meta property=\"og:locale\" content=\"fr_FR\" \/>\n<meta property=\"og:type\" content=\"article\" \/>\n<meta property=\"og:title\" content=\"Montessori with Love - Press\" \/>\n<meta property=\"og:description\" content=\"Do you want to know more about me &amp; Montessori with Love? Just listen...\" \/>\n<meta property=\"og:url\" content=\"https:\/\/www.montessoriwithlove.fr\/fr\/about-eli-and-montessori-with-love\/press\/\" \/>\n<meta property=\"og:site_name\" content=\"Montessori with Love\" \/>\n<meta property=\"article:publisher\" content=\"https:\/\/www.facebook.com\/montessoriwithlove\/\" \/>\n<meta property=\"article:modified_time\" content=\"2024-04-21T11:34:49+00:00\" \/>\n<meta property=\"og:image\" content=\"https:\/\/www.montessoriwithlove.fr\/wp-content\/uploads\/2021\/04\/Radio-scaled.jpg\" \/>\n\t<meta property=\"og:image:width\" content=\"2104\" \/>\n\t<meta property=\"og:image:height\" content=\"924\" \/>\n\t<meta property=\"og:image:type\" content=\"image\/jpeg\" \/>\n<meta name=\"twitter:card\" content=\"summary_large_image\" \/>\n<meta name=\"twitter:label1\" content=\"Dur\u00e9e de lecture estim\u00e9e\" \/>\n\t<meta name=\"twitter:data1\" content=\"2 minutes\" \/>\n<script type=\"application\/ld+json\" class=\"yoast-schema-graph\">{\"@context\":\"https:\/\/schema.org\",\"@graph\":[{\"@type\":\"WebPage\",\"@id\":\"https:\/\/www.montessoriwithlove.fr\/about-eli-and-montessori-with-love\/press\/\",\"url\":\"https:\/\/www.montessoriwithlove.fr\/about-eli-and-montessori-with-love\/press\/\",\"name\":\"Montessori with Love - Press\",\"isPartOf\":{\"@id\":\"https:\/\/www.montessoriwithlove.fr\/fr\/#website\"},\"primaryImageOfPage\":{\"@id\":\"https:\/\/www.montessoriwithlove.fr\/about-eli-and-montessori-with-love\/press\/#primaryimage\"},\"image\":{\"@id\":\"https:\/\/www.montessoriwithlove.fr\/about-eli-and-montessori-with-love\/press\/#primaryimage\"},\"thumbnailUrl\":\"https:\/\/www.montessoriwithlove.fr\/wp-content\/uploads\/2021\/04\/Radio-scaled.jpg\",\"datePublished\":\"2021-04-08T10:42:45+00:00\",\"dateModified\":\"2024-04-21T11:34:49+00:00\",\"description\":\"Do you want to know more about me & Montessori with Love? Just listen...\",\"breadcrumb\":{\"@id\":\"https:\/\/www.montessoriwithlove.fr\/about-eli-and-montessori-with-love\/press\/#breadcrumb\"},\"inLanguage\":\"fr-FR\",\"potentialAction\":[{\"@type\":\"ReadAction\",\"target\":[\"https:\/\/www.montessoriwithlove.fr\/about-eli-and-montessori-with-love\/press\/\"]}]},{\"@type\":\"ImageObject\",\"inLanguage\":\"fr-FR\",\"@id\":\"https:\/\/www.montessoriwithlove.fr\/about-eli-and-montessori-with-love\/press\/#primaryimage\",\"url\":\"https:\/\/www.montessoriwithlove.fr\/wp-content\/uploads\/2021\/04\/Radio-scaled.jpg\",\"contentUrl\":\"https:\/\/www.montessoriwithlove.fr\/wp-content\/uploads\/2021\/04\/Radio-scaled.jpg\",\"width\":2104,\"height\":924,\"caption\":\"radio\"},{\"@type\":\"BreadcrumbList\",\"@id\":\"https:\/\/www.montessoriwithlove.fr\/about-eli-and-montessori-with-love\/press\/#breadcrumb\",\"itemListElement\":[{\"@type\":\"ListItem\",\"position\":1,\"name\":\"Home\",\"item\":\"https:\/\/www.montessoriwithlove.fr\/\"},{\"@type\":\"ListItem\",\"position\":2,\"name\":\"About me\",\"item\":\"https:\/\/www.montessoriwithlove.fr\/about-eli-and-montessori-with-love\/\"},{\"@type\":\"ListItem\",\"position\":3,\"name\":\"Press\"}]},{\"@type\":\"WebSite\",\"@id\":\"https:\/\/www.montessoriwithlove.fr\/fr\/#website\",\"url\":\"https:\/\/www.montessoriwithlove.fr\/fr\/\",\"name\":\"Montessori with Love\",\"description\":\"Free your child\u00b4s potential with Montessori approach\",\"publisher\":{\"@id\":\"https:\/\/www.montessoriwithlove.fr\/fr\/#organization\"},\"potentialAction\":[{\"@type\":\"SearchAction\",\"target\":{\"@type\":\"EntryPoint\",\"urlTemplate\":\"https:\/\/www.montessoriwithlove.fr\/fr\/?s={search_term_string}\"},\"query-input\":\"required name=search_term_string\"}],\"inLanguage\":\"fr-FR\"},{\"@type\":[\"Organization\",\"Place\",\"Preschool\"],\"@id\":\"https:\/\/www.montessoriwithlove.fr\/fr\/#organization\",\"name\":\"Montessori with Love\",\"url\":\"https:\/\/www.montessoriwithlove.fr\/fr\/\",\"logo\":{\"@id\":\"https:\/\/www.montessoriwithlove.fr\/about-eli-and-montessori-with-love\/press\/#local-main-organization-logo\"},\"image\":{\"@id\":\"https:\/\/www.montessoriwithlove.fr\/about-eli-and-montessori-with-love\/press\/#local-main-organization-logo\"},\"sameAs\":[\"https:\/\/www.facebook.com\/montessoriwithlove\/\",\"https:\/\/www.instagram.com\/montessoriwithlove.fr\/\",\"https:\/\/www.linkedin.com\/in\/eliskasykora\/\"],\"address\":{\"@id\":\"https:\/\/www.montessoriwithlove.fr\/about-eli-and-montessori-with-love\/press\/#local-main-place-address\"},\"geo\":{\"@type\":\"GeoCoordinates\",\"latitude\":\"45.7802433\",\"longitude\":\"3.0873574\"},\"telephone\":[\"0695353154\"],\"openingHoursSpecification\":[{\"@type\":\"OpeningHoursSpecification\",\"dayOfWeek\":[\"Monday\",\"Tuesday\"],\"opens\":\"00:00\",\"closes\":\"00:00\"},{\"@type\":\"OpeningHoursSpecification\",\"dayOfWeek\":[\"Wednesday\"],\"opens\":\"09:00\",\"closes\":\"18:00\"},{\"@type\":\"OpeningHoursSpecification\",\"dayOfWeek\":[\"Thursday\",\"Friday\"],\"opens\":\"10:00\",\"closes\":\"13:00\"},{\"@type\":\"OpeningHoursSpecification\",\"dayOfWeek\":[\"Saturday\"],\"opens\":\"10:00\",\"closes\":\"17:30\"},{\"@type\":\"OpeningHoursSpecification\",\"dayOfWeek\":[\"Sunday\"],\"opens\":\"14:00\",\"closes\":\"16:30\"}],\"email\":\"eli@montessoriwithlove.fr\"},{\"@type\":\"PostalAddress\",\"@id\":\"https:\/\/www.montessoriwithlove.fr\/about-eli-and-montessori-with-love\/press\/#local-main-place-address\",\"streetAddress\":\"14 Rue du Port\",\"addressLocality\":\"Clermont-Ferrand\",\"postalCode\":\"63000\",\"addressCountry\":\"FR\"},{\"@type\":\"ImageObject\",\"inLanguage\":\"fr-FR\",\"@id\":\"https:\/\/www.montessoriwithlove.fr\/about-eli-and-montessori-with-love\/press\/#local-main-organization-logo\",\"url\":\"https:\/\/www.montessoriwithlove.fr\/wp-content\/uploads\/2020\/02\/Logotype_icon_transparent.png\",\"contentUrl\":\"https:\/\/www.montessoriwithlove.fr\/wp-content\/uploads\/2020\/02\/Logotype_icon_transparent.png\",\"width\":2481,\"height\":2481,\"caption\":\"Montessori with Love\"}]}<\/script>\n<meta name=\"geo.placename\" content=\"Clermont-Ferrand\" \/>\n<meta name=\"geo.region\" content=\"France\" \/>\n<!-- \/ Yoast SEO plugin. -->","yoast_head_json":{"title":"Montessori with Love - Press","description":"Do you want to know more about me & Montessori with Love? Just listen...","robots":{"index":"index","follow":"follow","max-snippet":"max-snippet:-1","max-image-preview":"max-image-preview:large","max-video-preview":"max-video-preview:-1"},"canonical":"https:\/\/www.montessoriwithlove.fr\/fr\/about-eli-and-montessori-with-love\/press\/","og_locale":"fr_FR","og_type":"article","og_title":"Montessori with Love - Press","og_description":"Do you want to know more about me & Montessori with Love? Just listen...","og_url":"https:\/\/www.montessoriwithlove.fr\/fr\/about-eli-and-montessori-with-love\/press\/","og_site_name":"Montessori with Love","article_publisher":"https:\/\/www.facebook.com\/montessoriwithlove\/","article_modified_time":"2024-04-21T11:34:49+00:00","og_image":[{"width":2104,"height":924,"url":"https:\/\/www.montessoriwithlove.fr\/wp-content\/uploads\/2021\/04\/Radio-scaled.jpg","type":"image\/jpeg"}],"twitter_card":"summary_large_image","twitter_misc":{"Dur\u00e9e de lecture estim\u00e9e":"2 minutes"},"schema":{"@context":"https:\/\/schema.org","@graph":[{"@type":"WebPage","@id":"https:\/\/www.montessoriwithlove.fr\/about-eli-and-montessori-with-love\/press\/","url":"https:\/\/www.montessoriwithlove.fr\/about-eli-and-montessori-with-love\/press\/","name":"Montessori with Love - Press","isPartOf":{"@id":"https:\/\/www.montessoriwithlove.fr\/fr\/#website"},"primaryImageOfPage":{"@id":"https:\/\/www.montessoriwithlove.fr\/about-eli-and-montessori-with-love\/press\/#primaryimage"},"image":{"@id":"https:\/\/www.montessoriwithlove.fr\/about-eli-and-montessori-with-love\/press\/#primaryimage"},"thumbnailUrl":"https:\/\/www.montessoriwithlove.fr\/wp-content\/uploads\/2021\/04\/Radio-scaled.jpg","datePublished":"2021-04-08T10:42:45+00:00","dateModified":"2024-04-21T11:34:49+00:00","description":"Do you want to know more about me & Montessori with Love? Just listen...","breadcrumb":{"@id":"https:\/\/www.montessoriwithlove.fr\/about-eli-and-montessori-with-love\/press\/#breadcrumb"},"inLanguage":"fr-FR","potentialAction":[{"@type":"ReadAction","target":["https:\/\/www.montessoriwithlove.fr\/about-eli-and-montessori-with-love\/press\/"]}]},{"@type":"ImageObject","inLanguage":"fr-FR","@id":"https:\/\/www.montessoriwithlove.fr\/about-eli-and-montessori-with-love\/press\/#primaryimage","url":"https:\/\/www.montessoriwithlove.fr\/wp-content\/uploads\/2021\/04\/Radio-scaled.jpg","contentUrl":"https:\/\/www.montessoriwithlove.fr\/wp-content\/uploads\/2021\/04\/Radio-scaled.jpg","width":2104,"height":924,"caption":"radio"},{"@type":"BreadcrumbList","@id":"https:\/\/www.montessoriwithlove.fr\/about-eli-and-montessori-with-love\/press\/#breadcrumb","itemListElement":[{"@type":"ListItem","position":1,"name":"Home","item":"https:\/\/www.montessoriwithlove.fr\/"},{"@type":"ListItem","position":2,"name":"About me","item":"https:\/\/www.montessoriwithlove.fr\/about-eli-and-montessori-with-love\/"},{"@type":"ListItem","position":3,"name":"Press"}]},{"@type":"WebSite","@id":"https:\/\/www.montessoriwithlove.fr\/fr\/#website","url":"https:\/\/www.montessoriwithlove.fr\/fr\/","name":"Montessori with Love","description":"Free your child\u00b4s potential with Montessori approach","publisher":{"@id":"https:\/\/www.montessoriwithlove.fr\/fr\/#organization"},"potentialAction":[{"@type":"SearchAction","target":{"@type":"EntryPoint","urlTemplate":"https:\/\/www.montessoriwithlove.fr\/fr\/?s={search_term_string}"},"query-input":"required name=search_term_string"}],"inLanguage":"fr-FR"},{"@type":["Organization","Place","Preschool"],"@id":"https:\/\/www.montessoriwithlove.fr\/fr\/#organization","name":"Montessori with Love","url":"https:\/\/www.montessoriwithlove.fr\/fr\/","logo":{"@id":"https:\/\/www.montessoriwithlove.fr\/about-eli-and-montessori-with-love\/press\/#local-main-organization-logo"},"image":{"@id":"https:\/\/www.montessoriwithlove.fr\/about-eli-and-montessori-with-love\/press\/#local-main-organization-logo"},"sameAs":["https:\/\/www.facebook.com\/montessoriwithlove\/","https:\/\/www.instagram.com\/montessoriwithlove.fr\/","https:\/\/www.linkedin.com\/in\/eliskasykora\/"],"address":{"@id":"https:\/\/www.montessoriwithlove.fr\/about-eli-and-montessori-with-love\/press\/#local-main-place-address"},"geo":{"@type":"GeoCoordinates","latitude":"45.7802433","longitude":"3.0873574"},"telephone":["0695353154"],"openingHoursSpecification":[{"@type":"OpeningHoursSpecification","dayOfWeek":["Monday","Tuesday"],"opens":"00:00","closes":"00:00"},{"@type":"OpeningHoursSpecification","dayOfWeek":["Wednesday"],"opens":"09:00","closes":"18:00"},{"@type":"OpeningHoursSpecification","dayOfWeek":["Thursday","Friday"],"opens":"10:00","closes":"13:00"},{"@type":"OpeningHoursSpecification","dayOfWeek":["Saturday"],"opens":"10:00","closes":"17:30"},{"@type":"OpeningHoursSpecification","dayOfWeek":["Sunday"],"opens":"14:00","closes":"16:30"}],"email":"eli@montessoriwithlove.fr"},{"@type":"PostalAddress","@id":"https:\/\/www.montessoriwithlove.fr\/about-eli-and-montessori-with-love\/press\/#local-main-place-address","streetAddress":"14 Rue du Port","addressLocality":"Clermont-Ferrand","postalCode":"63000","addressCountry":"FR"},{"@type":"ImageObject","inLanguage":"fr-FR","@id":"https:\/\/www.montessoriwithlove.fr\/about-eli-and-montessori-with-love\/press\/#local-main-organization-logo","url":"https:\/\/www.montessoriwithlove.fr\/wp-content\/uploads\/2020\/02\/Logotype_icon_transparent.png","contentUrl":"https:\/\/www.montessoriwithlove.fr\/wp-content\/uploads\/2020\/02\/Logotype_icon_transparent.png","width":2481,"height":2481,"caption":"Montessori with Love"}]},"geo.placename":"Clermont-Ferrand","geo.position":{"lat":"45.7802433","long":"3.0873574"},"geo.region":"France"},"_links":{"self":[{"href":"https:\/\/www.montessoriwithlove.fr\/fr\/wp-json\/wp\/v2\/pages\/76648","targetHints":{"allow":["GET"]}}],"collection":[{"href":"https:\/\/www.montessoriwithlove.fr\/fr\/wp-json\/wp\/v2\/pages"}],"about":[{"href":"https:\/\/www.montessoriwithlove.fr\/fr\/wp-json\/wp\/v2\/types\/page"}],"author":[{"embeddable":true,"href":"https:\/\/www.montessoriwithlove.fr\/fr\/wp-json\/wp\/v2\/users\/1"}],"replies":[{"embeddable":true,"href":"https:\/\/www.montessoriwithlove.fr\/fr\/wp-json\/wp\/v2\/comments?post=76648"}],"version-history":[{"count":2,"href":"https:\/\/www.montessoriwithlove.fr\/fr\/wp-json\/wp\/v2\/pages\/76648\/revisions"}],"predecessor-version":[{"id":77502,"href":"https:\/\/www.montessoriwithlove.fr\/fr\/wp-json\/wp\/v2\/pages\/76648\/revisions\/77502"}],"up":[{"embeddable":true,"href":"https:\/\/www.montessoriwithlove.fr\/fr\/wp-json\/wp\/v2\/pages\/73730"}],"wp:featuredmedia":[{"embeddable":true,"href":"https:\/\/www.montessoriwithlove.fr\/fr\/wp-json\/wp\/v2\/media\/76650"}],"wp:attachment":[{"href":"https:\/\/www.montessoriwithlove.fr\/fr\/wp-json\/wp\/v2\/media?parent=76648"}],"curies":[{"name":"wp","href":"https:\/\/api.w.org\/{rel}","templated":true}]}}