{"id":75121,"date":"2020-02-16T00:49:14","date_gmt":"2020-02-15T23:49:14","guid":{"rendered":"https:\/\/www.montessoriwithlove.fr\/?page_id=75121"},"modified":"2021-08-14T21:30:11","modified_gmt":"2021-08-14T19:30:11","slug":"terms-conditions","status":"publish","type":"page","link":"https:\/\/www.montessoriwithlove.fr\/fr\/terms-conditions\/","title":{"rendered":"Conditions g\u00e9n\u00e9rales de vente"},"content":{"rendered":"<div class=\"wpb-content-wrapper\"><div data-parent=\"true\" class=\"vc_row row-container boomapps_vcrow\" id=\"row-unique-0\"><div class=\"row limit-width row-parent\"><div class=\"wpb_row row-inner\"><div class=\"wpb_column pos-top pos-center align_left column_parent col-lg-12 boomapps_vccolumn single-internal-gutter\"><div class=\"uncol style-light\"  ><div class=\"uncoltable\"><div class=\"uncell  boomapps_vccolumn no-block-padding\" ><div class=\"uncont\" ><div class=\"uncode_text_column\" ><p>Les services achet\u00e9s aupr\u00e8s de Montessori with Love sont couverts par les conditions g\u00e9n\u00e9rales ci-dessous.<\/p>\n<p>&nbsp;<\/p>\n<p style=\"text-align: center;\"><strong>CONDITIONS G\u00c9N\u00c9RALES DE VENTE\u00a0<\/strong><\/p>\n<p><b>Pr\u00e9ambule<\/b><\/p>\n<p><span style=\"font-weight: 400;\">Les pr\u00e9sentes conditions g\u00e9n\u00e9rales de vente s'appliquent \u00e0 toutes les prestations de services conclues sur le site Internet Montessori with Love.\u00a0<\/span><\/p>\n<p><span style=\"font-weight: 400;\">Le site Internet <strong>Montessori with Love<\/strong> est un service de:<\/span><\/p>\n<ul>\n<li style=\"font-weight: 400;\"><span style=\"font-weight: 400;\">La soci\u00e9t\u00e9: Eliska Sykora<\/span><\/li>\n<li style=\"font-weight: 400;\"><span style=\"font-weight: 400;\">Situ\u00e9e \u00e0: 14 rue du Port, 63000 Clermont-Ferrand<\/span><\/li>\n<li style=\"font-weight: 400;\"><span style=\"font-weight: 400;\">Adresse URL du site: <\/span><a href=\"https:\/\/www.montessoriwithlove.fr\/fr\/\"><span style=\"font-weight: 400;\">https:\/\/montessoriwithlove.fr<\/span><\/a><\/li>\n<li style=\"font-weight: 400;\"><span style=\"font-weight: 400;\">Adresse mail: <\/span><a href=\"mailto:eli@montessoriwithlove.fr\"><span style=\"font-weight: 400;\">eli@montessoriwithlove.fr<\/span><\/a><\/li>\n<li style=\"font-weight: 400;\"><span style=\"font-weight: 400;\">T\u00e9l\u00e9phone: +33 (0) 695353154<\/span><\/li>\n<\/ul>\n<p><span style=\"font-weight: 400;\">Le client d\u00e9clare avoir pris connaissance et avoir accept\u00e9 les conditions g\u00e9n\u00e9rales de vente ant\u00e9rieures \u00e0 la passation de la commande. La validation de la commande vaut donc acceptation des conditions g\u00e9n\u00e9rales de vente.\u00a0\u00a0\u00a0\u00a0\u00a0\u00a0\u00a0\u00a0\u00a0\u00a0\u00a0\u00a0\u00a0\u00a0\u00a0\u00a0\u00a0\u00a0\u00a0\u00a0\u00a0\u00a0\u00a0\u00a0\u00a0\u00a0\u00a0\u00a0\u00a0\u00a0\u00a0\u00a0\u00a0\u00a0\u00a0\u00a0\u00a0\u00a0\u00a0\u00a0\u00a0\u00a0\u00a0\u00a0\u00a0\u00a0<\/span><\/p>\n<p><span style=\"font-weight: 400;\">La boutique en ligne de Montessori with Love communique les informations suivantes pour ses prestations (en langue fran\u00e7aise et anglaise):<\/span><\/p>\n<p><span style=\"font-weight: 400;\">- Date, horaires et contenu des prestations propos\u00e9es.<\/span><\/p>\n<p><span style=\"font-weight: 400;\">- Public concern\u00e9.<\/span><\/p>\n<p><span style=\"font-weight: 400;\">- Indication du prix des prestations en euros.<\/span><\/p>\n<p><span style=\"font-weight: 400;\">Le consommateur d\u00e9clare avoir la pleine capacit\u00e9 juridique lui permettant de s'engager au titre des pr\u00e9sentes conditions g\u00e9n\u00e9rales.<\/span><\/p>\n<p><span style=\"font-weight: 400;\">La<\/span><\/p>\n<p><strong>Article 1 - Objet<\/strong><\/p>\n<p><span style=\"font-weight: 400;\">Montessori with Love propose la r\u00e9servation et l&#039;achat sur internet d&#039;ateliers parent-enfant (pour l&#039;enfant jusqu&#039;\u00e0 3 ans) ou pour enfants seuls (de 3 \u00e0 6 ans) et des ateliers \/ formations courtes pour adultes.<\/span><\/p>\n<p><span style=\"font-weight: 400;\">Les ateliers pour enfants sont r\u00e9servantes uniquement sur le site planning en ligne avec achat sur la boutique int\u00e9gr\u00e9e au planning en ligne.<\/span><\/p>\n<p><span style=\"font-weight: 400;\">Les ateliers\/formations pour adultes sont \u00e0 r\u00e9gler dans le shop du site <\/span><span style=\"font-weight: 400;\"><a href=\"https:\/\/www.montessoriwithlove.fr\/fr\/shop\/\">www.montessoriwithlove.fr\/shop<\/a>.<\/span><\/p>\n<p><span style=\"font-weight: 400;\">La<\/span><\/p>\n<p><strong>Article 2 - Description des services propos\u00e9s<\/strong><\/p>\n<p><span style=\"font-weight: 400;\">* Ateliers d&#039;accompagnement selon la p\u00e9dagogie Montessori parent-enfant (pour l&#039;enfant jusqu&#039;\u00e0 3 ans) ou pour enfants seuls (de 3 \u00e0 6 ans) y compris des stages vacances.<\/span><\/p>\n<p><span style=\"font-weight: 400;\">* Ateliers\/formations Montessori pour adultes.<\/span><\/p>\n<p>&nbsp;<\/p>\n<p><strong>Article 3 - Modalit\u00e9s de commande<\/strong><\/p>\n<p><span style=\"font-weight: 400;\">La boutique en ligne de Montessori with Love donne les informations n\u00e9cessaires sur les prestations propos\u00e9es dans le respect de l&#039;article L111-1 du Code de la consommation, qui pr\u00e9voit la possibilit\u00e9 pour le consommateur de conna\u00eetre les caract\u00e9ristiques de la prestation qu&#039;il souhaite acheter.<\/span><\/p>\n<p><span style=\"font-weight: 400;\">Les offres de prestations de Montessori with Love ne sont valables que dans la limite des places disponibles et selon les dates fournies.<\/span><\/p>\n<p><span style=\"font-weight: 400;\">Les clients garantissent qu&#039;ils sont habilit\u00e9s \u00e0 r\u00e9gler leurs achats par carte bancaire ou par PayPal et que leur compte bancaire donne acc\u00e8s \u00e0 des fonds suffisants pour couvrir tous les co\u00fbts r\u00e9sultant de la vente de prestations de services sur la boutique en ligne de Montessori with Love.<\/span><\/p>\n<p><span style=\"font-weight: 400;\">Seules les personnes juridiquement capables de souscrire des contrats concernant les services propos\u00e9s sur le site peuvent commander sur le site de Montessori with Love.<\/span><\/p>\n<p><span style=\"font-weight: 400;\">Conform\u00e9ment \u00e0 la loi en vigueur du 13 mars 2000 sur la signature \u00e9lectronique, tout bon de commande sign\u00e9 du client par \u00abdouble clic\u00bb constitue une acceptation irr\u00e9vocable qui ne peut \u00eatre remise en cause.<\/span><\/p>\n<p><span style=\"font-weight: 400;\">Le \u00abdouble clic\u00bb associ\u00e9 \u00e0 la proc\u00e9dure d&#039;authentification et de non r\u00e9pudiation et \u00e0 la protection de l&#039;int\u00e9gralit\u00e9 des messages constitue une signature \u00e9lectronique. Cette signature \u00e9lectronique \u00e0 valeur entre les parties comme une signature manuscrite.<\/span><\/p>\n<p>&nbsp;<\/p>\n<p><strong>Article 4 - Confirmation de commande<\/strong><\/p>\n<p><span style=\"font-weight: 400;\">Les donn\u00e9es enregistr\u00e9es par Montessori with Love constituent la preuve de l&#039;ensemble des transactions pass\u00e9es entre Montessori with Love et ses clients.\u00a0<\/span><\/p>\n<p><span style=\"font-weight: 400;\">Les informations contractuelles sont communiqu\u00e9es en fran\u00e7ais ou en anglais et font l&#039;objet d&#039;une confirmation par voie d&#039;un email r\u00e9capitulatif.<\/span><\/p>\n<p><span style=\"font-weight: 400;\">Le client est dans l\u00b4obligation de v\u00e9rifier l'exhaustivit\u00e9 et la conformit\u00e9 des renseignements qu'il fournit \u00e0 Montessori with Love.\u00a0<\/span><\/p>\n<p><span style=\"font-weight: 400;\">Montessori with Love invite ses clients \u00e0 conserver une trace \u00e9crite des donn\u00e9es relatives \u00e0 leur commande.\u00a0<\/span><\/p>\n<p><span style=\"font-weight: 400;\">Montessori with Love ne peut en aucun cas \u00eatre tenu responsable d&#039;\u00e9ventuelles erreurs de saisie et des cons\u00e9quences \u00e9ventuelles sur la r\u00e9servation et l&#039;achat des prestations d&#039;ateliers.<\/span><\/p>\n<p>&nbsp;<\/p>\n<p><strong>Article 5 - Preuves de la transaction<\/strong><\/p>\n<p><span style=\"font-weight: 400;\">Les registres informatis\u00e9s sont conserv\u00e9s dans les syst\u00e8mes informatiques de Montessori with Love. Ils sont consid\u00e9r\u00e9s comme des preuves des communications, des commandes et des paiements intervenus entre les parties en cas de litige.\u00a0<\/span><\/p>\n<p>&nbsp;<\/p>\n<p><strong>Article 6 - Prix et modalit\u00e9s de paiement<\/strong><\/p>\n<p><strong>Article 6.1 - Prix<\/strong><\/p>\n<p>Les prix des ateliers, affich\u00e9s sur le Site, sont indiqu\u00e9s en Euros et sont ceux en vigueur au jour de la commande.<br \/>\nLes ateliers se situent hors du champ d&#039;application de la TVA.<\/p>\n<p>&nbsp;<\/p>\n<p><strong>Article 6.2 - Modalit\u00e9s de paiement<\/strong><\/p>\n<p><span style=\"font-weight: 400;\">L&#039;int\u00e9gralit\u00e9 du paiement doit \u00eatre r\u00e9alis\u00e9e lors de la commande afin que la r\u00e9servation d&#039;une prestation soit confirm\u00e9e. Le paiement est ensuite suivi d&#039;un e-mail de confirmation qui r\u00e9capitule les donn\u00e9es de la commande.<\/span><\/p>\n<p><span style=\"font-weight: 400;\">Montessori with Love se r\u00e9serve le droit de modifier ses prix \u00e0 tout moment.<\/span><\/p>\n<p><span style=\"font-weight: 400;\">Montessori with Love se r\u00e9serve le droit de refuser une commande de client avec lequel il existe un litige.<\/span><\/p>\n<p>&nbsp;<\/p>\n<p><strong>Article 6.3 - Mode de paiement<\/strong><\/p>\n<p><span style=\"font-weight: 400;\">Le paiement s&#039;effectue par carte bancaire pour toutes les commandes. <\/span>Sauf raison exceptionnelle, la r\u00e9servation de l&#039;atelier ne sera confirm\u00e9e que suite \u00e0 la r\u00e9ception du paiement.<\/p>\n<p><span style=\"font-weight: 400;\">Montessori with Love se r\u00e9serve le droit de suspendre toute commande en cas de non paiement.<\/span><\/p>\n<p><span style=\"font-weight: 400;\">Montessori with Love se r\u00e9serve \u00e9galement le droit de refuser une commande \u00e9manant d'un consommateur qui n\u00b4aurait pas r\u00e9gl\u00e9 totalement une commande pr\u00e9c\u00e9dente ou avec lequel il existerait un litige.<\/span><\/p>\n<p>&nbsp;<\/p>\n<p><strong>Article 6.4 - S\u00e9curisation du paiement<\/strong><\/p>\n<p>Tous les r\u00e8glements effectu\u00e9s via le site www.montessoriwithlove.fr sont trait\u00e9s par le syst\u00e8me de paiement Paypal ou Stripe afin de vous garantir la meilleure s\u00e9curit\u00e9 lors de vos achats.<\/p>\n<p>Aucune information bancaire vous concernant ne transite par le site www.montessoriwithlove.fr et nous n&#039;archivons donc aucune information bancaire.<\/p>\n<p>&nbsp;<\/p>\n<p><strong>Article 7 - Annulation<\/strong><\/p>\n<p><strong>Article 7.1 - D\u00e9lai<\/strong><\/p>\n<p><span style=\"font-weight: 400;\">Les contrats de prestations de services de loisirs fournis \u00e0 une date d\u00e9termin\u00e9es \u00e9tant exclus de l\u2019article L 121-20-4 du Code de la consommation, annulation du contrat par le client est possible jusqu\u2019\u00e0 2 semaines avant la date de l\u00b4atelier auquel le client est inscrit.\u00a0\u00a0<\/span><\/p>\n<p>&nbsp;<\/p>\n<p><strong>Article 7.2 - Proc\u00e9dure de l\u00b4annulation<\/strong><\/p>\n<p>Vous devez annuler l\u00b4atelier via votre compte personnel sur le site www.montessoriwithlove.fr ou nous contacter par mail (eli@montessoriwithlove.fr) au plus tard <strong>15 jours avant la date de l&#039;atelier<\/strong> pour lequel vous avez r\u00e9serv\u00e9 une ou plusieurs places. Vous n\u00b4\u00eates pas tenu(e) de nous donner les raisons de votre r\u00e9tractation mais vous devez imp\u00e9rativement indiquer votre nom ainsi que les r\u00e9f\u00e9rences de l'atelier annul\u00e9. Toute r\u00e9clamation formul\u00e9e en dehors de ce d\u00e9lai ne pourra \u00eatre accept\u00e9e.<\/p>\n<p>&nbsp;<\/p>\n<p><strong>Article 7.3 - Remboursement<\/strong><\/p>\n<p>Nous proc\u00e9dons au remboursement sur votre compte bancaire au plus tard dans les 30 (trente) jours \u00e0 compter de la date de validation de votre droit de r\u00e9tractation. Seul le prix de la ou des places achet\u00e9es sera rembours\u00e9.<\/p>\n<p>&nbsp;<\/p>\n<p><span style=\"font-weight: 400;\"><strong>Article 7.4 - <\/strong><\/span><span style=\"font-weight: 400;\"><strong>Annulation par Montessori with Love<\/strong><\/span><\/p>\n<p><span style=\"font-weight: 400;\">Dans le cas o\u00f9 Montessori with Love serait contraint d'annuler une prestation pour cause d'absence de l'intervenant, la prestation sera enti\u00e8rement \u00e9chang\u00e9e contre une autre prestation \u00e9quivalente.<\/span><\/p>\n<p>&nbsp;<\/p>\n<p><strong>Article 8 - Propri\u00e9t\u00e9 intellectuelle<\/strong><\/p>\n<p><span style=\"font-weight: 400;\">Montessori with Love est titulaire des droits de propri\u00e9t\u00e9 intellectuelle du site et du droit de diffuseur les photographies pour lesquelles elle d\u00e9tient les autorisations n\u00e9cessaires des personnes concern\u00e9es.<\/span><\/p>\n<p><span style=\"font-weight: 400;\">A ce titre et conform\u00e9ment aux dispositions du Code de la Propri\u00e9t\u00e9 Intellectuelle, la reproduction partielle ou totale, sur quelque support que ce soit, des \u00e9l\u00e9ments composant le site, leur utilisation ainsi que leur mise \u00e0 disposition de tiers sont formellement interdits.<\/span><\/p>\n<p>&nbsp;<\/p>\n<p><strong>Article 9 - Informations nominatives<\/strong><\/p>\n<p><span style=\"font-weight: 400;\">Les donn\u00e9es des clients collect\u00e9es sur le site internet www.montessoriwithlove.fr sont strictement confidentielles.<\/span><\/p>\n<p><span style=\"font-weight: 400;\">Montessori with Love s&#039;engage \u00e0 ne divulguer aucune information \u00e0 des tiers. Ces informations ne seront utilis\u00e9es que par les services internes de Montessori with Love pour le traitement des commandes, la communication par e-mail ou l&#039;envoi de la newsletter.\u00a0<\/span><\/p>\n<p><span style=\"font-weight: 400;\">Pour toute suppression ou modification des informations relatives \u00e0 votre compte, faites une demande \u00e0 <\/span><a href=\"mailto:eli@montessoriwithlove.fr\"><span style=\"font-weight: 400;\">eli@montessoriwithlove.fr<\/span><\/a><span style=\"font-weight: 400;\">.<\/span><\/p>\n<p>&nbsp;<\/p>\n<p><strong>Article 10 - Responsabilit\u00e9 et r\u00e9clamations\u00a0<\/strong><\/p>\n<p><span style=\"font-weight: 400;\">Montessori with Love ne saurait \u00eatre tenu pour responsable de l'inex\u00e9cution du contrat conclu en cas de force majeure, incendie, tremblement de terre, inondations, foudre.<\/span><\/p>\n<p><span style=\"font-weight: 400;\">Toute r\u00e9clamation doit \u00eatre adress\u00e9e \u00e0 Montessori with Love dans les meilleurs d\u00e9lais et au plus tard 15 jours apr\u00e8s la date de la prestation.\u00a0<\/span><\/p>\n<p><span style=\"font-weight: 400;\">Au-del\u00e0 de ce d\u00e9lai, aucune r\u00e9clamation ne sera prise en compte.\u00a0<\/span><\/p>\n<p>&nbsp;<\/p>\n<p><strong>Article 11 - Modification des conditions g\u00e9n\u00e9rales de vente<\/strong><\/p>\n<p><span style=\"font-weight: 400;\">Montessori with Love se r\u00e9serve le droit de modifier les<\/span><span style=\"font-weight: 400;\"> conditions g\u00e9n\u00e9rales de vente de services sur la boutique en ligne de son site internet <\/span><a href=\"http:\/\/www.montessoriwithlove.fr\/fr\/\"><span style=\"font-weight: 400;\">www.montessoriwithlove.fr<\/span><\/a><span style=\"font-weight: 400;\"> La<\/span><\/p>\n<\/div><\/div><\/div><\/div><\/div><\/div><script id=\"script-row-unique-0\" data-row=\"script-row-unique-0\" type=\"text\/javascript\" class=\"vc_controls\">UNCODE.initRow(document.getElementById(\"row-unique-0\"));<\/script><\/div><\/div><\/div>\n<\/div>","protected":false},"excerpt":{"rendered":"Les produits et services achet\u00e9s aupr\u00e8s de Montessori with Love sont couverts par les conditions g\u00e9n\u00e9rales standard, comme suit\u00a0: [...]","protected":false},"author":1,"featured_media":0,"parent":0,"menu_order":0,"comment_status":"closed","ping_status":"closed","template":"","meta":{"footnotes":""},"class_list":["post-75121","page","type-page","status-publish","hentry"],"yoast_head":"<!-- This site is optimized with the Yoast SEO plugin v23.1 - https:\/\/yoast.com\/wordpress\/plugins\/seo\/ -->\n<title>Montessori with Love - Terms &amp; Conditions<\/title>\n<meta name=\"description\" content=\"Montessori Playgroup for children from 16 months to 7 years in the centre of Clermont-Ferrand.\" \/>\n<meta name=\"robots\" content=\"index, follow, max-snippet:-1, max-image-preview:large, max-video-preview:-1\" \/>\n<link rel=\"canonical\" href=\"http:\/\/www.montessoriwithlove.fr\/fr\/terms-conditions\/\" \/>\n<meta property=\"og:locale\" content=\"fr_FR\" \/>\n<meta property=\"og:type\" content=\"article\" \/>\n<meta property=\"og:title\" content=\"Montessori with Love - Terms &amp; Conditions\" \/>\n<meta property=\"og:description\" content=\"Montessori Playgroup for children from 16 months to 7 years in the centre of Clermont-Ferrand.\" \/>\n<meta property=\"og:url\" content=\"http:\/\/www.montessoriwithlove.fr\/fr\/terms-conditions\/\" \/>\n<meta property=\"og:site_name\" content=\"Montessori with Love\" \/>\n<meta property=\"article:publisher\" content=\"https:\/\/www.facebook.com\/montessoriwithlove\/\" \/>\n<meta property=\"article:modified_time\" content=\"2021-08-14T19:30:11+00:00\" \/>\n<meta name=\"twitter:card\" content=\"summary_large_image\" \/>\n<meta name=\"twitter:label1\" content=\"Dur\u00e9e de lecture estim\u00e9e\" \/>\n\t<meta name=\"twitter:data1\" content=\"8 minutes\" \/>\n<script type=\"application\/ld+json\" class=\"yoast-schema-graph\">{\"@context\":\"https:\/\/schema.org\",\"@graph\":[{\"@type\":\"WebPage\",\"@id\":\"http:\/\/www.montessoriwithlove.fr\/fr\/terms-conditions\/\",\"url\":\"http:\/\/www.montessoriwithlove.fr\/fr\/terms-conditions\/\",\"name\":\"Montessori with Love - Terms & Conditions\",\"isPartOf\":{\"@id\":\"https:\/\/www.montessoriwithlove.fr\/fr\/#website\"},\"datePublished\":\"2020-02-15T23:49:14+00:00\",\"dateModified\":\"2021-08-14T19:30:11+00:00\",\"description\":\"Montessori Playgroup for children from 16 months to 7 years in the centre of Clermont-Ferrand.\",\"breadcrumb\":{\"@id\":\"http:\/\/www.montessoriwithlove.fr\/fr\/terms-conditions\/#breadcrumb\"},\"inLanguage\":\"fr-FR\",\"potentialAction\":[{\"@type\":\"ReadAction\",\"target\":[\"http:\/\/www.montessoriwithlove.fr\/fr\/terms-conditions\/\"]}]},{\"@type\":\"BreadcrumbList\",\"@id\":\"http:\/\/www.montessoriwithlove.fr\/fr\/terms-conditions\/#breadcrumb\",\"itemListElement\":[{\"@type\":\"ListItem\",\"position\":1,\"name\":\"Home\",\"item\":\"https:\/\/www.montessoriwithlove.fr\/\"},{\"@type\":\"ListItem\",\"position\":2,\"name\":\"Terms &#038; Conditions\"}]},{\"@type\":\"WebSite\",\"@id\":\"https:\/\/www.montessoriwithlove.fr\/fr\/#website\",\"url\":\"https:\/\/www.montessoriwithlove.fr\/fr\/\",\"name\":\"Montessori with Love\",\"description\":\"Free your child\u00b4s potential with Montessori approach\",\"publisher\":{\"@id\":\"https:\/\/www.montessoriwithlove.fr\/fr\/#organization\"},\"potentialAction\":[{\"@type\":\"SearchAction\",\"target\":{\"@type\":\"EntryPoint\",\"urlTemplate\":\"https:\/\/www.montessoriwithlove.fr\/fr\/?s={search_term_string}\"},\"query-input\":\"required name=search_term_string\"}],\"inLanguage\":\"fr-FR\"},{\"@type\":[\"Organization\",\"Place\",\"Preschool\"],\"@id\":\"https:\/\/www.montessoriwithlove.fr\/fr\/#organization\",\"name\":\"Montessori with Love\",\"url\":\"https:\/\/www.montessoriwithlove.fr\/fr\/\",\"logo\":{\"@id\":\"http:\/\/www.montessoriwithlove.fr\/fr\/terms-conditions\/#local-main-organization-logo\"},\"image\":{\"@id\":\"http:\/\/www.montessoriwithlove.fr\/fr\/terms-conditions\/#local-main-organization-logo\"},\"sameAs\":[\"https:\/\/www.facebook.com\/montessoriwithlove\/\",\"https:\/\/www.instagram.com\/montessoriwithlove.fr\/\",\"https:\/\/www.linkedin.com\/in\/eliskasykora\/\"],\"address\":{\"@id\":\"http:\/\/www.montessoriwithlove.fr\/fr\/terms-conditions\/#local-main-place-address\"},\"geo\":{\"@type\":\"GeoCoordinates\",\"latitude\":\"45.7802433\",\"longitude\":\"3.0873574\"},\"telephone\":[\"0695353154\"],\"openingHoursSpecification\":[{\"@type\":\"OpeningHoursSpecification\",\"dayOfWeek\":[\"Monday\",\"Tuesday\"],\"opens\":\"00:00\",\"closes\":\"00:00\"},{\"@type\":\"OpeningHoursSpecification\",\"dayOfWeek\":[\"Wednesday\"],\"opens\":\"09:00\",\"closes\":\"18:00\"},{\"@type\":\"OpeningHoursSpecification\",\"dayOfWeek\":[\"Thursday\",\"Friday\"],\"opens\":\"10:00\",\"closes\":\"13:00\"},{\"@type\":\"OpeningHoursSpecification\",\"dayOfWeek\":[\"Saturday\"],\"opens\":\"10:00\",\"closes\":\"17:30\"},{\"@type\":\"OpeningHoursSpecification\",\"dayOfWeek\":[\"Sunday\"],\"opens\":\"14:00\",\"closes\":\"16:30\"}],\"email\":\"eli@montessoriwithlove.fr\"},{\"@type\":\"PostalAddress\",\"@id\":\"http:\/\/www.montessoriwithlove.fr\/fr\/terms-conditions\/#local-main-place-address\",\"streetAddress\":\"14 Rue du Port\",\"addressLocality\":\"Clermont-Ferrand\",\"postalCode\":\"63000\",\"addressCountry\":\"FR\"},{\"@type\":\"ImageObject\",\"inLanguage\":\"fr-FR\",\"@id\":\"http:\/\/www.montessoriwithlove.fr\/fr\/terms-conditions\/#local-main-organization-logo\",\"url\":\"https:\/\/www.montessoriwithlove.fr\/wp-content\/uploads\/2020\/02\/Logotype_icon_transparent.png\",\"contentUrl\":\"https:\/\/www.montessoriwithlove.fr\/wp-content\/uploads\/2020\/02\/Logotype_icon_transparent.png\",\"width\":2481,\"height\":2481,\"caption\":\"Montessori with Love\"}]}<\/script>\n<meta name=\"geo.placename\" content=\"Clermont-Ferrand\" \/>\n<meta name=\"geo.region\" content=\"France\" \/>\n<!-- \/ Yoast SEO plugin. -->","yoast_head_json":{"title":"Montessori with Love - Terms & Conditions","description":"Montessori Playgroup for children from 16 months to 7 years in the centre of Clermont-Ferrand.","robots":{"index":"index","follow":"follow","max-snippet":"max-snippet:-1","max-image-preview":"max-image-preview:large","max-video-preview":"max-video-preview:-1"},"canonical":"http:\/\/www.montessoriwithlove.fr\/fr\/terms-conditions\/","og_locale":"fr_FR","og_type":"article","og_title":"Montessori with Love - Terms & Conditions","og_description":"Montessori Playgroup for children from 16 months to 7 years in the centre of Clermont-Ferrand.","og_url":"http:\/\/www.montessoriwithlove.fr\/fr\/terms-conditions\/","og_site_name":"Montessori with Love","article_publisher":"https:\/\/www.facebook.com\/montessoriwithlove\/","article_modified_time":"2021-08-14T19:30:11+00:00","twitter_card":"summary_large_image","twitter_misc":{"Dur\u00e9e de lecture estim\u00e9e":"8 minutes"},"schema":{"@context":"https:\/\/schema.org","@graph":[{"@type":"WebPage","@id":"http:\/\/www.montessoriwithlove.fr\/fr\/terms-conditions\/","url":"http:\/\/www.montessoriwithlove.fr\/fr\/terms-conditions\/","name":"Montessori with Love - Terms & Conditions","isPartOf":{"@id":"https:\/\/www.montessoriwithlove.fr\/fr\/#website"},"datePublished":"2020-02-15T23:49:14+00:00","dateModified":"2021-08-14T19:30:11+00:00","description":"Montessori Playgroup for children from 16 months to 7 years in the centre of Clermont-Ferrand.","breadcrumb":{"@id":"http:\/\/www.montessoriwithlove.fr\/fr\/terms-conditions\/#breadcrumb"},"inLanguage":"fr-FR","potentialAction":[{"@type":"ReadAction","target":["http:\/\/www.montessoriwithlove.fr\/fr\/terms-conditions\/"]}]},{"@type":"BreadcrumbList","@id":"http:\/\/www.montessoriwithlove.fr\/fr\/terms-conditions\/#breadcrumb","itemListElement":[{"@type":"ListItem","position":1,"name":"Home","item":"https:\/\/www.montessoriwithlove.fr\/"},{"@type":"ListItem","position":2,"name":"Terms &#038; Conditions"}]},{"@type":"WebSite","@id":"https:\/\/www.montessoriwithlove.fr\/fr\/#website","url":"https:\/\/www.montessoriwithlove.fr\/fr\/","name":"Montessori with Love","description":"Free your child\u00b4s potential with Montessori approach","publisher":{"@id":"https:\/\/www.montessoriwithlove.fr\/fr\/#organization"},"potentialAction":[{"@type":"SearchAction","target":{"@type":"EntryPoint","urlTemplate":"https:\/\/www.montessoriwithlove.fr\/fr\/?s={search_term_string}"},"query-input":"required name=search_term_string"}],"inLanguage":"fr-FR"},{"@type":["Organization","Place","Preschool"],"@id":"https:\/\/www.montessoriwithlove.fr\/fr\/#organization","name":"Montessori with Love","url":"https:\/\/www.montessoriwithlove.fr\/fr\/","logo":{"@id":"http:\/\/www.montessoriwithlove.fr\/fr\/terms-conditions\/#local-main-organization-logo"},"image":{"@id":"http:\/\/www.montessoriwithlove.fr\/fr\/terms-conditions\/#local-main-organization-logo"},"sameAs":["https:\/\/www.facebook.com\/montessoriwithlove\/","https:\/\/www.instagram.com\/montessoriwithlove.fr\/","https:\/\/www.linkedin.com\/in\/eliskasykora\/"],"address":{"@id":"http:\/\/www.montessoriwithlove.fr\/fr\/terms-conditions\/#local-main-place-address"},"geo":{"@type":"GeoCoordinates","latitude":"45.7802433","longitude":"3.0873574"},"telephone":["0695353154"],"openingHoursSpecification":[{"@type":"OpeningHoursSpecification","dayOfWeek":["Monday","Tuesday"],"opens":"00:00","closes":"00:00"},{"@type":"OpeningHoursSpecification","dayOfWeek":["Wednesday"],"opens":"09:00","closes":"18:00"},{"@type":"OpeningHoursSpecification","dayOfWeek":["Thursday","Friday"],"opens":"10:00","closes":"13:00"},{"@type":"OpeningHoursSpecification","dayOfWeek":["Saturday"],"opens":"10:00","closes":"17:30"},{"@type":"OpeningHoursSpecification","dayOfWeek":["Sunday"],"opens":"14:00","closes":"16:30"}],"email":"eli@montessoriwithlove.fr"},{"@type":"PostalAddress","@id":"http:\/\/www.montessoriwithlove.fr\/fr\/terms-conditions\/#local-main-place-address","streetAddress":"14 Rue du Port","addressLocality":"Clermont-Ferrand","postalCode":"63000","addressCountry":"FR"},{"@type":"ImageObject","inLanguage":"fr-FR","@id":"http:\/\/www.montessoriwithlove.fr\/fr\/terms-conditions\/#local-main-organization-logo","url":"https:\/\/www.montessoriwithlove.fr\/wp-content\/uploads\/2020\/02\/Logotype_icon_transparent.png","contentUrl":"https:\/\/www.montessoriwithlove.fr\/wp-content\/uploads\/2020\/02\/Logotype_icon_transparent.png","width":2481,"height":2481,"caption":"Montessori with Love"}]},"geo.placename":"Clermont-Ferrand","geo.position":{"lat":"45.7802433","long":"3.0873574"},"geo.region":"France"},"_links":{"self":[{"href":"https:\/\/www.montessoriwithlove.fr\/fr\/wp-json\/wp\/v2\/pages\/75121","targetHints":{"allow":["GET"]}}],"collection":[{"href":"https:\/\/www.montessoriwithlove.fr\/fr\/wp-json\/wp\/v2\/pages"}],"about":[{"href":"https:\/\/www.montessoriwithlove.fr\/fr\/wp-json\/wp\/v2\/types\/page"}],"author":[{"embeddable":true,"href":"https:\/\/www.montessoriwithlove.fr\/fr\/wp-json\/wp\/v2\/users\/1"}],"replies":[{"embeddable":true,"href":"https:\/\/www.montessoriwithlove.fr\/fr\/wp-json\/wp\/v2\/comments?post=75121"}],"version-history":[{"count":0,"href":"https:\/\/www.montessoriwithlove.fr\/fr\/wp-json\/wp\/v2\/pages\/75121\/revisions"}],"wp:attachment":[{"href":"https:\/\/www.montessoriwithlove.fr\/fr\/wp-json\/wp\/v2\/media?parent=75121"}],"curies":[{"name":"wp","href":"https:\/\/api.w.org\/{rel}","templated":true}]}}