{"id":74826,"date":"2020-02-10T10:55:15","date_gmt":"2020-02-10T09:55:15","guid":{"rendered":"https:\/\/www.montessoriwithlove.fr\/?page_id=74826"},"modified":"2020-04-20T22:49:45","modified_gmt":"2020-04-20T20:49:45","slug":"montessori-method","status":"publish","type":"page","link":"https:\/\/www.montessoriwithlove.fr\/fr\/montessori-classes\/montessori-method\/","title":{"rendered":"M\u00e9thode Montessori"},"content":{"rendered":"<div class=\"wpb-content-wrapper\"><div data-parent=\"true\" class=\"vc_row row-container boomapps_vcrow\" id=\"row-unique-0\"><div class=\"row limit-width row-parent\"><div class=\"wpb_row row-inner\"><div class=\"wpb_column pos-top pos-center align_left column_parent col-lg-6 boomapps_vccolumn single-internal-gutter\"><div class=\"uncol style-light\"  ><div class=\"uncoltable\"><div class=\"uncell  boomapps_vccolumn no-block-padding\" ><div class=\"uncont\" ><div class=\"uncode_text_column\" ><p><span style=\"font-weight: 400;\">D\u00e9velopp\u00e9 par <strong>Maria Montessori<\/strong> (1870 - 1952) la m\u00e9thode Montessori est utilis\u00e9e depuis plus de 100 ans dans le monde entier. <\/span><\/p>\n<p><span style=\"font-weight: 400;\"><strong>\u00c9ducation Montessori<\/strong> a comme principe de base la personnalit\u00e9 de l\u2019enfant. Les enfants sont consid\u00e9r\u00e9s comme curieux et ax\u00e9s sur l'apprentissage.<\/span><\/p>\n<p><span style=\"font-weight: 400;\">Maria Montessori, la premi\u00e8re femme dipl\u00f4m\u00e9e en m\u00e9decine de l'Universit\u00e9 de Rome, a fond\u00e9 une p\u00e9dagogie bas\u00e9e sur le besoin de l\u00b4enfant de s\u00b4auto-\u00e9duquer en agissant par lui-m\u00eame. Apr\u00e8s avoir <strong>observ\u00e9<\/strong> de fa\u00e7on pr\u00e9cise et minutieuse le d\u00e9veloppement physique et psychique de l\u00b4enfant, elle a pr\u00e9par\u00e9 des activit\u00e9s destin\u00e9es \u00e0 les aider dans leur apprentissage. Elle a notamment d\u00e9couvert que si les enfants \u00e9voluent dans <strong>un environnement sp\u00e9cialement adapt\u00e9,<\/strong> et des <strong>concentr\u00e9s et ont un meilleur contr\u00f4le d\u00b4eux-m\u00eame<\/strong>. Le d\u00e9veloppement de l\u2019ind\u00e9pendance de l\u2019enfant est un but essentiel.<\/span><\/p>\n<p><span style=\"font-weight: 400;\">L'approche Montessori permet aux enfants d\u00b4explorer le monde qui les entoure en utilisant <strong>tous les sens<\/strong>. Pour Maria Montessori, l\u00b4important est de <strong>cultiver l\u00b4envie  d\u00b4apprendre chez les enfants<\/strong>, plut\u00f4t que de les ass\u00e9ner de faits pr\u00e9\u00e9tablis. <\/span><span style=\"font-weight: 400;\">Les enfants ont une curiosit\u00e9 naturelle et l\u00b4amour de la connaissance.<\/span><\/p>\n<p><span style=\"font-weight: 400;\"><strong>Dans une classe Montessori<\/strong> l'enfant peut:\u00a0<\/span><\/p>\n<ul>\n<li><span style=\"font-weight: 400;\">choisir des activit\u00e9s en fonction de ses motivations profondes, <\/span><\/li>\n<li><span style=\"font-weight: 400;\">travailler aussi longtemps qu'il veut <strong>(sans \u00eatre interrompu)<\/strong>,\u00a0<\/span><\/li>\n<li><span style=\"font-weight: 400;\">choisir un lieu d'activit\u00e9 (table, tapis,\u2026),<\/span><\/li>\n<li><span style=\"font-weight: 400;\">refuser une invitation, par exemple lorsqu&#039;un enseignant veut lui pr\u00e9senter une nouvelle activit\u00e9,<\/span><\/li>\n<li><span style=\"font-weight: 400;\">se d\u00e9placer librement tout en respectant l\u00b4ambiance de travail du groupe,<\/span><\/li>\n<li><span style=\"font-weight: 400;\">communiquer avec les autres,\u00a0<\/span><\/li>\n<li><span style=\"font-weight: 400;\">observer les autres, c'est-\u00e0-dire que l'enfant a la libert\u00e9 de ne rien faire (observer = apprendre).\u00a0\u00a0<\/span><\/li>\n<\/ul>\n<p><span style=\"font-weight: 400;\"><strong>L\u00b4\u00e9ducateur Montessori<\/strong> est un lien entre l\u00b4enfant et son environnement. Il doit avoir une attitude d\u2019acceptation envers les enfants et les accepter tous, comme ils sont. Il doit \u00eatre respectueux de l\u2019enfant et de son d\u00e9veloppement. Chacun est l\u00e0 o\u00f9 il est. Chacun \u00e9volue \u00e0 son propre rythme. <strong>Le r\u00f4le d\u2019observateur<\/strong>, tr\u00e9s importante dans la p\u00e9dagogie Montessori, permet \u00e0 l\u00b4educateur de d\u00e9terminer les activit\u00e9s <strong>adapt\u00e9es<\/strong> \u00e0 chacun.<\/span><\/p>\n<p><span style=\"font-weight: 400;\">Afin de maintenir et de d\u00e9velopper sa p\u00e9dagogie, Maria Montessori a fond\u00e9 en 1929 <strong>l\u00b4Association Montessori Internationale (AMI)<\/strong>, qui a <\/span><span style=\"font-weight: 400;\">aujourd\u00b4hui des centres de formation dans plus de 30 pays \u00e0<\/span><span style=\"font-weight: 400;\"> travers le monde. <\/span><span style=\"font-weight: 400;\">\u00a0<\/span><\/p>\n<\/div><\/div><\/div><\/div><\/div><\/div><script id=\"script-row-unique-0\" data-row=\"script-row-unique-0\" type=\"text\/javascript\" class=\"vc_controls\">UNCODE.initRow(document.getElementById(\"row-unique-0\"));<\/script><\/div><\/div><\/div>\n<\/div>","protected":false},"excerpt":{"rendered":"D\u00e9velopp\u00e9e par Maria Montessori (1870 \u2013 1952), la m\u00e9thode Montessori est utilis\u00e9e depuis plus de 100 ans dans les \u00e9coles et [...]","protected":false},"author":1,"featured_media":74833,"parent":73736,"menu_order":0,"comment_status":"closed","ping_status":"closed","template":"","meta":{"footnotes":""},"class_list":["post-74826","page","type-page","status-publish","has-post-thumbnail","hentry"],"yoast_head":"<!-- This site is optimized with the Yoast SEO plugin v23.1 - https:\/\/yoast.com\/wordpress\/plugins\/seo\/ -->\n<title>Montessori with Love - Montessori Method<\/title>\n<meta name=\"description\" content=\"Montessori Playgroup for children from 16 months to 7 years in the centre of Clermont-Ferrand.\" \/>\n<meta name=\"robots\" content=\"index, follow, max-snippet:-1, max-image-preview:large, max-video-preview:-1\" \/>\n<link rel=\"canonical\" href=\"http:\/\/www.montessoriwithlove.fr\/fr\/montessori-classes\/montessori-method\/\" \/>\n<meta property=\"og:locale\" content=\"fr_FR\" \/>\n<meta property=\"og:type\" content=\"article\" \/>\n<meta property=\"og:title\" content=\"Montessori with Love - Montessori Method\" \/>\n<meta property=\"og:description\" content=\"Montessori Playgroup for children from 16 months to 7 years in the centre of Clermont-Ferrand.\" \/>\n<meta property=\"og:url\" content=\"http:\/\/www.montessoriwithlove.fr\/fr\/montessori-classes\/montessori-method\/\" \/>\n<meta property=\"og:site_name\" content=\"Montessori with Love\" \/>\n<meta property=\"article:publisher\" content=\"https:\/\/www.facebook.com\/montessoriwithlove\/\" \/>\n<meta property=\"article:modified_time\" content=\"2020-04-20T20:49:45+00:00\" \/>\n<meta property=\"og:image\" content=\"https:\/\/www.montessoriwithlove.fr\/wp-content\/uploads\/2020\/02\/Maria_Montessori_with_children.jpg\" \/>\n\t<meta property=\"og:image:width\" content=\"1200\" \/>\n\t<meta property=\"og:image:height\" content=\"480\" \/>\n\t<meta property=\"og:image:type\" content=\"image\/jpeg\" \/>\n<meta name=\"twitter:card\" content=\"summary_large_image\" \/>\n<meta name=\"twitter:label1\" content=\"Dur\u00e9e de lecture estim\u00e9e\" \/>\n\t<meta name=\"twitter:data1\" content=\"2 minutes\" \/>\n<script type=\"application\/ld+json\" class=\"yoast-schema-graph\">{\"@context\":\"https:\/\/schema.org\",\"@graph\":[{\"@type\":\"WebPage\",\"@id\":\"http:\/\/www.montessoriwithlove.fr\/fr\/montessori-classes\/montessori-method\/\",\"url\":\"http:\/\/www.montessoriwithlove.fr\/fr\/montessori-classes\/montessori-method\/\",\"name\":\"Montessori with Love - Montessori Method\",\"isPartOf\":{\"@id\":\"https:\/\/www.montessoriwithlove.fr\/fr\/#website\"},\"primaryImageOfPage\":{\"@id\":\"http:\/\/www.montessoriwithlove.fr\/fr\/montessori-classes\/montessori-method\/#primaryimage\"},\"image\":{\"@id\":\"http:\/\/www.montessoriwithlove.fr\/fr\/montessori-classes\/montessori-method\/#primaryimage\"},\"thumbnailUrl\":\"https:\/\/www.montessoriwithlove.fr\/wp-content\/uploads\/2020\/02\/Maria_Montessori_with_children.jpg\",\"datePublished\":\"2020-02-10T09:55:15+00:00\",\"dateModified\":\"2020-04-20T20:49:45+00:00\",\"description\":\"Montessori Playgroup for children from 16 months to 7 years in the centre of Clermont-Ferrand.\",\"breadcrumb\":{\"@id\":\"http:\/\/www.montessoriwithlove.fr\/fr\/montessori-classes\/montessori-method\/#breadcrumb\"},\"inLanguage\":\"fr-FR\",\"potentialAction\":[{\"@type\":\"ReadAction\",\"target\":[\"http:\/\/www.montessoriwithlove.fr\/fr\/montessori-classes\/montessori-method\/\"]}]},{\"@type\":\"ImageObject\",\"inLanguage\":\"fr-FR\",\"@id\":\"http:\/\/www.montessoriwithlove.fr\/fr\/montessori-classes\/montessori-method\/#primaryimage\",\"url\":\"https:\/\/www.montessoriwithlove.fr\/wp-content\/uploads\/2020\/02\/Maria_Montessori_with_children.jpg\",\"contentUrl\":\"https:\/\/www.montessoriwithlove.fr\/wp-content\/uploads\/2020\/02\/Maria_Montessori_with_children.jpg\",\"width\":1200,\"height\":480,\"caption\":\"Maria Montessori with children\"},{\"@type\":\"BreadcrumbList\",\"@id\":\"http:\/\/www.montessoriwithlove.fr\/fr\/montessori-classes\/montessori-method\/#breadcrumb\",\"itemListElement\":[{\"@type\":\"ListItem\",\"position\":1,\"name\":\"Home\",\"item\":\"https:\/\/www.montessoriwithlove.fr\/\"},{\"@type\":\"ListItem\",\"position\":2,\"name\":\"Classes\",\"item\":\"https:\/\/www.montessoriwithlove.fr\/montessori-classes\/\"},{\"@type\":\"ListItem\",\"position\":3,\"name\":\"Montessori Method\"}]},{\"@type\":\"WebSite\",\"@id\":\"https:\/\/www.montessoriwithlove.fr\/fr\/#website\",\"url\":\"https:\/\/www.montessoriwithlove.fr\/fr\/\",\"name\":\"Montessori with Love\",\"description\":\"Free your child\u00b4s potential with Montessori approach\",\"publisher\":{\"@id\":\"https:\/\/www.montessoriwithlove.fr\/fr\/#organization\"},\"potentialAction\":[{\"@type\":\"SearchAction\",\"target\":{\"@type\":\"EntryPoint\",\"urlTemplate\":\"https:\/\/www.montessoriwithlove.fr\/fr\/?s={search_term_string}\"},\"query-input\":\"required name=search_term_string\"}],\"inLanguage\":\"fr-FR\"},{\"@type\":[\"Organization\",\"Place\",\"Preschool\"],\"@id\":\"https:\/\/www.montessoriwithlove.fr\/fr\/#organization\",\"name\":\"Montessori with Love\",\"url\":\"https:\/\/www.montessoriwithlove.fr\/fr\/\",\"logo\":{\"@id\":\"http:\/\/www.montessoriwithlove.fr\/fr\/montessori-classes\/montessori-method\/#local-main-organization-logo\"},\"image\":{\"@id\":\"http:\/\/www.montessoriwithlove.fr\/fr\/montessori-classes\/montessori-method\/#local-main-organization-logo\"},\"sameAs\":[\"https:\/\/www.facebook.com\/montessoriwithlove\/\",\"https:\/\/www.instagram.com\/montessoriwithlove.fr\/\",\"https:\/\/www.linkedin.com\/in\/eliskasykora\/\"],\"address\":{\"@id\":\"http:\/\/www.montessoriwithlove.fr\/fr\/montessori-classes\/montessori-method\/#local-main-place-address\"},\"geo\":{\"@type\":\"GeoCoordinates\",\"latitude\":\"45.7802433\",\"longitude\":\"3.0873574\"},\"telephone\":[\"0695353154\"],\"openingHoursSpecification\":[{\"@type\":\"OpeningHoursSpecification\",\"dayOfWeek\":[\"Monday\",\"Tuesday\"],\"opens\":\"00:00\",\"closes\":\"00:00\"},{\"@type\":\"OpeningHoursSpecification\",\"dayOfWeek\":[\"Wednesday\"],\"opens\":\"09:00\",\"closes\":\"18:00\"},{\"@type\":\"OpeningHoursSpecification\",\"dayOfWeek\":[\"Thursday\",\"Friday\"],\"opens\":\"10:00\",\"closes\":\"13:00\"},{\"@type\":\"OpeningHoursSpecification\",\"dayOfWeek\":[\"Saturday\"],\"opens\":\"10:00\",\"closes\":\"17:30\"},{\"@type\":\"OpeningHoursSpecification\",\"dayOfWeek\":[\"Sunday\"],\"opens\":\"14:00\",\"closes\":\"16:30\"}],\"email\":\"eli@montessoriwithlove.fr\"},{\"@type\":\"PostalAddress\",\"@id\":\"http:\/\/www.montessoriwithlove.fr\/fr\/montessori-classes\/montessori-method\/#local-main-place-address\",\"streetAddress\":\"14 Rue du Port\",\"addressLocality\":\"Clermont-Ferrand\",\"postalCode\":\"63000\",\"addressCountry\":\"FR\"},{\"@type\":\"ImageObject\",\"inLanguage\":\"fr-FR\",\"@id\":\"http:\/\/www.montessoriwithlove.fr\/fr\/montessori-classes\/montessori-method\/#local-main-organization-logo\",\"url\":\"https:\/\/www.montessoriwithlove.fr\/wp-content\/uploads\/2020\/02\/Logotype_icon_transparent.png\",\"contentUrl\":\"https:\/\/www.montessoriwithlove.fr\/wp-content\/uploads\/2020\/02\/Logotype_icon_transparent.png\",\"width\":2481,\"height\":2481,\"caption\":\"Montessori with Love\"}]}<\/script>\n<meta name=\"geo.placename\" content=\"Clermont-Ferrand\" \/>\n<meta name=\"geo.region\" content=\"France\" \/>\n<!-- \/ Yoast SEO plugin. -->","yoast_head_json":{"title":"Montessori with Love - Montessori Method","description":"Montessori Playgroup for children from 16 months to 7 years in the centre of Clermont-Ferrand.","robots":{"index":"index","follow":"follow","max-snippet":"max-snippet:-1","max-image-preview":"max-image-preview:large","max-video-preview":"max-video-preview:-1"},"canonical":"http:\/\/www.montessoriwithlove.fr\/fr\/montessori-classes\/montessori-method\/","og_locale":"fr_FR","og_type":"article","og_title":"Montessori with Love - Montessori Method","og_description":"Montessori Playgroup for children from 16 months to 7 years in the centre of Clermont-Ferrand.","og_url":"http:\/\/www.montessoriwithlove.fr\/fr\/montessori-classes\/montessori-method\/","og_site_name":"Montessori with Love","article_publisher":"https:\/\/www.facebook.com\/montessoriwithlove\/","article_modified_time":"2020-04-20T20:49:45+00:00","og_image":[{"width":1200,"height":480,"url":"https:\/\/www.montessoriwithlove.fr\/wp-content\/uploads\/2020\/02\/Maria_Montessori_with_children.jpg","type":"image\/jpeg"}],"twitter_card":"summary_large_image","twitter_misc":{"Dur\u00e9e de lecture estim\u00e9e":"2 minutes"},"schema":{"@context":"https:\/\/schema.org","@graph":[{"@type":"WebPage","@id":"http:\/\/www.montessoriwithlove.fr\/fr\/montessori-classes\/montessori-method\/","url":"http:\/\/www.montessoriwithlove.fr\/fr\/montessori-classes\/montessori-method\/","name":"Montessori with Love - Montessori Method","isPartOf":{"@id":"https:\/\/www.montessoriwithlove.fr\/fr\/#website"},"primaryImageOfPage":{"@id":"http:\/\/www.montessoriwithlove.fr\/fr\/montessori-classes\/montessori-method\/#primaryimage"},"image":{"@id":"http:\/\/www.montessoriwithlove.fr\/fr\/montessori-classes\/montessori-method\/#primaryimage"},"thumbnailUrl":"https:\/\/www.montessoriwithlove.fr\/wp-content\/uploads\/2020\/02\/Maria_Montessori_with_children.jpg","datePublished":"2020-02-10T09:55:15+00:00","dateModified":"2020-04-20T20:49:45+00:00","description":"Montessori Playgroup for children from 16 months to 7 years in the centre of Clermont-Ferrand.","breadcrumb":{"@id":"http:\/\/www.montessoriwithlove.fr\/fr\/montessori-classes\/montessori-method\/#breadcrumb"},"inLanguage":"fr-FR","potentialAction":[{"@type":"ReadAction","target":["http:\/\/www.montessoriwithlove.fr\/fr\/montessori-classes\/montessori-method\/"]}]},{"@type":"ImageObject","inLanguage":"fr-FR","@id":"http:\/\/www.montessoriwithlove.fr\/fr\/montessori-classes\/montessori-method\/#primaryimage","url":"https:\/\/www.montessoriwithlove.fr\/wp-content\/uploads\/2020\/02\/Maria_Montessori_with_children.jpg","contentUrl":"https:\/\/www.montessoriwithlove.fr\/wp-content\/uploads\/2020\/02\/Maria_Montessori_with_children.jpg","width":1200,"height":480,"caption":"Maria Montessori with children"},{"@type":"BreadcrumbList","@id":"http:\/\/www.montessoriwithlove.fr\/fr\/montessori-classes\/montessori-method\/#breadcrumb","itemListElement":[{"@type":"ListItem","position":1,"name":"Home","item":"https:\/\/www.montessoriwithlove.fr\/"},{"@type":"ListItem","position":2,"name":"Classes","item":"https:\/\/www.montessoriwithlove.fr\/montessori-classes\/"},{"@type":"ListItem","position":3,"name":"Montessori Method"}]},{"@type":"WebSite","@id":"https:\/\/www.montessoriwithlove.fr\/fr\/#website","url":"https:\/\/www.montessoriwithlove.fr\/fr\/","name":"Montessori with Love","description":"Free your child\u00b4s potential with Montessori approach","publisher":{"@id":"https:\/\/www.montessoriwithlove.fr\/fr\/#organization"},"potentialAction":[{"@type":"SearchAction","target":{"@type":"EntryPoint","urlTemplate":"https:\/\/www.montessoriwithlove.fr\/fr\/?s={search_term_string}"},"query-input":"required name=search_term_string"}],"inLanguage":"fr-FR"},{"@type":["Organization","Place","Preschool"],"@id":"https:\/\/www.montessoriwithlove.fr\/fr\/#organization","name":"Montessori with Love","url":"https:\/\/www.montessoriwithlove.fr\/fr\/","logo":{"@id":"http:\/\/www.montessoriwithlove.fr\/fr\/montessori-classes\/montessori-method\/#local-main-organization-logo"},"image":{"@id":"http:\/\/www.montessoriwithlove.fr\/fr\/montessori-classes\/montessori-method\/#local-main-organization-logo"},"sameAs":["https:\/\/www.facebook.com\/montessoriwithlove\/","https:\/\/www.instagram.com\/montessoriwithlove.fr\/","https:\/\/www.linkedin.com\/in\/eliskasykora\/"],"address":{"@id":"http:\/\/www.montessoriwithlove.fr\/fr\/montessori-classes\/montessori-method\/#local-main-place-address"},"geo":{"@type":"GeoCoordinates","latitude":"45.7802433","longitude":"3.0873574"},"telephone":["0695353154"],"openingHoursSpecification":[{"@type":"OpeningHoursSpecification","dayOfWeek":["Monday","Tuesday"],"opens":"00:00","closes":"00:00"},{"@type":"OpeningHoursSpecification","dayOfWeek":["Wednesday"],"opens":"09:00","closes":"18:00"},{"@type":"OpeningHoursSpecification","dayOfWeek":["Thursday","Friday"],"opens":"10:00","closes":"13:00"},{"@type":"OpeningHoursSpecification","dayOfWeek":["Saturday"],"opens":"10:00","closes":"17:30"},{"@type":"OpeningHoursSpecification","dayOfWeek":["Sunday"],"opens":"14:00","closes":"16:30"}],"email":"eli@montessoriwithlove.fr"},{"@type":"PostalAddress","@id":"http:\/\/www.montessoriwithlove.fr\/fr\/montessori-classes\/montessori-method\/#local-main-place-address","streetAddress":"14 Rue du Port","addressLocality":"Clermont-Ferrand","postalCode":"63000","addressCountry":"FR"},{"@type":"ImageObject","inLanguage":"fr-FR","@id":"http:\/\/www.montessoriwithlove.fr\/fr\/montessori-classes\/montessori-method\/#local-main-organization-logo","url":"https:\/\/www.montessoriwithlove.fr\/wp-content\/uploads\/2020\/02\/Logotype_icon_transparent.png","contentUrl":"https:\/\/www.montessoriwithlove.fr\/wp-content\/uploads\/2020\/02\/Logotype_icon_transparent.png","width":2481,"height":2481,"caption":"Montessori with Love"}]},"geo.placename":"Clermont-Ferrand","geo.position":{"lat":"45.7802433","long":"3.0873574"},"geo.region":"France"},"_links":{"self":[{"href":"https:\/\/www.montessoriwithlove.fr\/fr\/wp-json\/wp\/v2\/pages\/74826","targetHints":{"allow":["GET"]}}],"collection":[{"href":"https:\/\/www.montessoriwithlove.fr\/fr\/wp-json\/wp\/v2\/pages"}],"about":[{"href":"https:\/\/www.montessoriwithlove.fr\/fr\/wp-json\/wp\/v2\/types\/page"}],"author":[{"embeddable":true,"href":"https:\/\/www.montessoriwithlove.fr\/fr\/wp-json\/wp\/v2\/users\/1"}],"replies":[{"embeddable":true,"href":"https:\/\/www.montessoriwithlove.fr\/fr\/wp-json\/wp\/v2\/comments?post=74826"}],"version-history":[{"count":0,"href":"https:\/\/www.montessoriwithlove.fr\/fr\/wp-json\/wp\/v2\/pages\/74826\/revisions"}],"up":[{"embeddable":true,"href":"https:\/\/www.montessoriwithlove.fr\/fr\/wp-json\/wp\/v2\/pages\/73736"}],"wp:featuredmedia":[{"embeddable":true,"href":"https:\/\/www.montessoriwithlove.fr\/fr\/wp-json\/wp\/v2\/media\/74833"}],"wp:attachment":[{"href":"https:\/\/www.montessoriwithlove.fr\/fr\/wp-json\/wp\/v2\/media?parent=74826"}],"curies":[{"name":"wp","href":"https:\/\/api.w.org\/{rel}","templated":true}]}}