{"id":74791,"date":"2020-02-08T21:08:44","date_gmt":"2020-02-08T20:08:44","guid":{"rendered":"https:\/\/www.montessoriwithlove.fr\/?page_id=74791"},"modified":"2021-08-08T19:25:17","modified_gmt":"2021-08-08T17:25:17","slug":"privacy-policy","status":"publish","type":"page","link":"https:\/\/www.montessoriwithlove.fr\/fr\/privacy-policy\/","title":{"rendered":"Politique de confidentialit\u00e9 MwL"},"content":{"rendered":"<div class=\"wpb-content-wrapper\"><div data-parent=\"true\" class=\"vc_row row-container boomapps_vcrow\" id=\"row-unique-0\"><div class=\"row limit-width row-parent\"><div class=\"wpb_row row-inner\"><div class=\"wpb_column pos-top pos-center align_left column_parent col-lg-12 boomapps_vccolumn single-internal-gutter\"><div class=\"uncol style-light\"  ><div class=\"uncoltable\"><div class=\"uncell  boomapps_vccolumn no-block-padding\" ><div class=\"uncont\" ><div class=\"uncode_text_column\" ><p><span style=\"font-weight: 400;\">Bonjour, je suis Eli Sykora et je g\u00e8re ce site <\/span><a href=\"https:\/\/www.montessoriwithlove.fr\/fr\/\"><span style=\"font-weight: 400;\">https:\/\/www.montessoriwithlove.fr<\/span><\/a><span style=\"font-weight: 400;\">. Je voudrais vous informer sur ce qui se passe avec vos donn\u00e9es lorsque vous visitez ce site Web.\u00a0<\/span><\/p>\n<p><span style=\"font-weight: 400;\">Quelles donn\u00e9es je collecte aupr\u00e8s de vous:<\/span><\/p>\n<ul>\n<li style=\"font-weight: 400;\"><span style=\"font-weight: 400;\">Lorsque vous vous inscrivez pour recevoir des Newsletters ou que vous vous inscrivez \u00e0 l'un de mes formations\/ateliers Montessori, je recueille des donn\u00e9es personnelles vous concernant, y compris votre nom et votre adresse e-mail. C'est pour que je puisse fournir les services auxquels vous vous \u00eates inscrit.<\/span><\/li>\n<li style=\"font-weight: 400;\"><span style=\"font-weight: 400;\">Ce site Web recueille \u00e9galement des donn\u00e9es qui <\/span><b>ne vous identifient pas<\/b><span style=\"font-weight: 400;\"> telles que les articles de blog affich\u00e9s, le pays dans lequel vous vous trouvez, etc.\u00a0<\/span><\/li>\n<li style=\"font-weight: 400;\"><span style=\"font-weight: 400;\">Ces donn\u00e9es sont collect\u00e9es directement, par exemple lorsque vous vous inscrivez \u00e0 la Newsletter, ou indirectement lorsque vous visitez le site Web. Ce site <strong>recueille des cookies<\/strong>, qui est une petite information plac\u00e9e sur votre ordinateur lorsque vous visitez certains sites Web. <\/span><span style=\"font-weight: 400;\">Les cookies n'endommagent pas votre ordinateur et ne contiennent pas de virus. Les cookies les plus couramment utilis\u00e9s sont appel\u00e9s \u00abcookies de session\u00bb. Ils sont automatiquement supprim\u00e9s apr\u00e8s la visite. D'autres cookies restent stock\u00e9s sur votre appareil jusqu'\u00e0 ce que vous les supprimiez. Ces <strong>cookies<\/strong> vous permettent g\u00e9n\u00e9ralement de reconna\u00eetre votre navigateur lors de votre prochaine visite. Vous pouvez configurer votre navigateur pour \u00eatre inform\u00e9 de la configuration des cookies et n&#039;autoriser les cookies que dans des cas individuels, exclure l&#039;acceptation des cookies dans certains cas ou en g\u00e9n\u00e9ral, et activer la suppression automatique des cookies lors de la fermeture du navigateur. Veuillez toutefois noter que si vous <strong>supprimer les cookies<\/strong> ou ne les acceptez pas, vous ne pourrez peut-\u00eatre pas utiliser toutes les fonctionnalit\u00e9s de ce site Web. Pour plus d&#039;informations sur les m\u00e9thodes vous permettant de supprimer et de contr\u00f4ler les cookies stock\u00e9s sur votre ordinateur, consultez le site suivant: <a href=\"https:\/\/www.allaboutcookies.org\/\">http:\/\/www.allaboutcookies.org\/fr\/<\/a>\u00a0<\/span><\/li>\n<\/ul>\n<p><span style=\"font-weight: 400;\">Liens vers des sites externes<\/span><\/p>\n<p><span style=\"font-weight: 400;\">Ce site Web peut contenir des liens vers d&#039;autres sites Web. Je n&#039;ai aucun contr\u00f4le sur les sites Web en dehors de montessoriwithlove.fr. Je ne suis pas responsable du contenu des autres sites Web, ni de la protection ou de la confidentialit\u00e9 des donn\u00e9es que vous leur soumettez.<\/span><\/p>\n<p><span style=\"font-weight: 400;\">Ce que je vais faire de vos donn\u00e9es:<\/span><\/p>\n<ul>\n<li style=\"font-weight: 400;\"><span style=\"font-weight: 400;\">Je peux utiliser vos donn\u00e9es pour vous contacter afin de vous fournir une mise \u00e0 jour ou une newsletter que vous vous \u00eates inscrit pour recevoir, ou pour fournir un service que vous avez achet\u00e9 ou souscrit.<\/span><\/li>\n<li style=\"font-weight: 400;\"><span style=\"font-weight: 400;\">Si vous vous \u00eates inscrit pour recevoir des mises \u00e0 jour par e-mail de ma part, je conserverai ces donn\u00e9es, sauf si vous vous d\u00e9sabonnez ou si vous ne souhaitez plus recevoir ces mises \u00e0 jour.<\/span><\/li>\n<li style=\"font-weight: 400;\"><span style=\"font-weight: 400;\">Je ne partagerai pas vos informations personnelles avec ou ne les vendrai pas \u00e0 des commer\u00e7ants tiers.<\/span><\/li>\n<\/ul>\n<p><span style=\"font-weight: 400;\">Comment vos donn\u00e9es sont prot\u00e9g\u00e9es:<\/span><\/p>\n<ul>\n<li style=\"font-weight: 400;\"><span style=\"font-weight: 400;\">Vos donn\u00e9es ne seront pas partag\u00e9es \u00e0 des fins de marketing ou vendues \u00e0 quiconque. Fondamentalement, je n&#039;utiliserai vos donn\u00e9es que pour faire ce que vous m&#039;avez demand\u00e9 de faire.<\/span><\/li>\n<li style=\"font-weight: 400;\"><span style=\"font-weight: 400;\">La plupart de vos donn\u00e9es sont stock\u00e9es dans WordPress, mais si vous achetez un service de Montessori with Love, je peux stocker certaines de vos donn\u00e9es dans des spreadsheets prot\u00e9g\u00e9es par mot de passe pour m'assurer de pouvoir vous contacter et fournir efficacement le service que vous avez achet\u00e9.<\/span><\/li>\n<li style=\"font-weight: 400;\"><span style=\"font-weight: 400;\">Ce site utilise <\/span><span style=\"font-weight: 400;\">m\u00e9thodes de cryptage pour la transmission de vos donn\u00e9es via SSL [Secure Sockets Layer] sur HTTPS [Hypertext Transfer Protocol Secure].<\/span><\/li>\n<\/ul>\n<p><span style=\"font-weight: 400;\">Quand vos donn\u00e9es peuvent \u00eatre partag\u00e9es:<\/span><\/p>\n<ul>\n<li style=\"font-weight: 400;\"><span style=\"font-weight: 400;\">Si vous vous inscrivez \u00e0 des mises \u00e0 jour ou achetez un service aupr\u00e8s de moi via une application tierce telle que Mailchimp ou Google, vos donn\u00e9es seront \u00e9galement transmises \u00e0 ce site Web. Veuillez vous familiariser avec leurs politiques de confidentialit\u00e9 individuelles.<\/span><\/li>\n<\/ul>\n<p><span style=\"font-weight: 400;\">Partenaires de service <\/span><\/p>\n<p><span style=\"font-weight: 400;\">Les fournisseurs de services tiers suivants nomm\u00e9s ci-dessous peuvent \u00eatre utilis\u00e9s pour traiter et stocker vos donn\u00e9es:<\/span><\/p>\n<ul>\n<li style=\"font-weight: 400;\"><span style=\"font-weight: 400;\">MailerLite Limited, qui est utilis\u00e9 pour g\u00e9rer les listes d&#039;abonn\u00e9s au marketing par e-mail et envoyer des e-mails aux abonn\u00e9s. Lire leur <a href=\"https:\/\/www.mailerlite.com\/legal\/privacy-policy\">Politique de confidentialit\u00e9<\/a>.<\/span><\/li>\n<li style=\"font-weight: 400;\"><span style=\"font-weight: 400;\">Google LLC, qui fournit le service de messagerie.\u00a0<\/span><\/li>\n<li style=\"font-weight: 400;\"><span style=\"font-weight: 400;\">OVH T\u00e9l\u00e9com, qui h\u00e9berge ce site.<\/span><\/li>\n<li style=\"font-weight: 400;\"><span style=\"font-weight: 400;\">Automattic, Inc., dont le logiciel WordPress (et les modules compl\u00e9mentaires associ\u00e9s) est utilis\u00e9 pour g\u00e9rer le contenu de ce site Web.<\/span><\/li>\n<\/ul>\n<p><span style=\"font-weight: 400;\">Vos droits:<\/span><\/p>\n<ul>\n<li style=\"font-weight: 400;\"><span style=\"font-weight: 400;\">Vous pouvez me contacter pour demander quelles donn\u00e9es sont conserv\u00e9es \u00e0 votre sujet, qui y a acc\u00e8s et comment elles sont utilis\u00e9es.\u00a0<\/span><\/li>\n<li style=\"font-weight: 400;\"><span style=\"font-weight: 400;\">Vous avez le droit d&#039;\u00eatre oubli\u00e9; si vous vous \u00eates d\u00e9j\u00e0 inscrit mais souhaitez que vos informations soient supprim\u00e9es, merci de me contacter. <\/span><span style=\"font-weight: 400;\">Cela n&#039;inclut pas les donn\u00e9es que je suis oblig\u00e9 de conserver \u00e0 des fins administratives, juridiques ou de s\u00e9curit\u00e9<\/span><span style=\"font-weight: 400;\">.<\/span><\/li>\n<\/ul>\n<p><span style=\"font-weight: 400;\">Mises \u00e0 jour de cette politique:<\/span><\/p>\n<ul>\n<li style=\"font-weight: 400;\"><span style=\"font-weight: 400;\">Cette politique a \u00e9t\u00e9 mise \u00e0 jour pour la derni\u00e8re fois le 26 mars 2020.\u00a0<\/span><\/li>\n<\/ul>\n<p><!-- \/wp:post-content -->\u00a0<\/p>\n<!-- wp:heading {\"level\":3} -->\n<h3>\u00a0<\/h3>\n<p><!-- \/wp:heading -->\u00a0<\/p>\n<!-- wp:heading {\"level\":3} -->\n<p>&nbsp;<\/p>\n<p>\n<\/div><\/div><\/div><\/div><\/div><\/div><script id=\"script-row-unique-0\" data-row=\"script-row-unique-0\" type=\"text\/javascript\" class=\"vc_controls\">UNCODE.initRow(document.getElementById(\"row-unique-0\"));<\/script><\/div><\/div><\/div>\n<\/div>","protected":false},"excerpt":{"rendered":"Bonjour, je suis Eli Sykora et je dirige ce site https:\/\/www.montessoriwithlove.fr. Ceci est pour vous informer de ce qui se passe avec votre [...]","protected":false},"author":1,"featured_media":0,"parent":0,"menu_order":0,"comment_status":"closed","ping_status":"closed","template":"","meta":{"footnotes":""},"class_list":["post-74791","page","type-page","status-publish","hentry"],"yoast_head":"<!-- This site is optimized with the Yoast SEO plugin v23.1 - https:\/\/yoast.com\/wordpress\/plugins\/seo\/ -->\n<title>Montessori with Love - Privacy Policy MwL<\/title>\n<meta name=\"description\" content=\"Montessori Playgroup for children from 16 months to 7 years in the centre of Clermont-Ferrand.\" \/>\n<meta name=\"robots\" content=\"index, follow, max-snippet:-1, max-image-preview:large, max-video-preview:-1\" \/>\n<link rel=\"canonical\" href=\"https:\/\/www.montessoriwithlove.fr\/fr\/privacy-policy\/\" \/>\n<meta property=\"og:locale\" content=\"fr_FR\" \/>\n<meta property=\"og:type\" content=\"article\" \/>\n<meta property=\"og:title\" content=\"Montessori with Love - Privacy Policy MwL\" \/>\n<meta property=\"og:description\" content=\"Montessori Playgroup for children from 16 months to 7 years in the centre of Clermont-Ferrand.\" \/>\n<meta property=\"og:url\" content=\"https:\/\/www.montessoriwithlove.fr\/fr\/privacy-policy\/\" \/>\n<meta property=\"og:site_name\" content=\"Montessori with Love\" \/>\n<meta property=\"article:publisher\" content=\"https:\/\/www.facebook.com\/montessoriwithlove\/\" \/>\n<meta property=\"article:modified_time\" content=\"2021-08-08T17:25:17+00:00\" \/>\n<meta name=\"twitter:card\" content=\"summary_large_image\" \/>\n<meta name=\"twitter:label1\" content=\"Dur\u00e9e de lecture estim\u00e9e\" \/>\n\t<meta name=\"twitter:data1\" content=\"4 minutes\" \/>\n<script type=\"application\/ld+json\" class=\"yoast-schema-graph\">{\"@context\":\"https:\/\/schema.org\",\"@graph\":[{\"@type\":\"WebPage\",\"@id\":\"https:\/\/www.montessoriwithlove.fr\/privacy-policy\/\",\"url\":\"https:\/\/www.montessoriwithlove.fr\/privacy-policy\/\",\"name\":\"Montessori with Love - Privacy Policy MwL\",\"isPartOf\":{\"@id\":\"https:\/\/www.montessoriwithlove.fr\/fr\/#website\"},\"datePublished\":\"2020-02-08T20:08:44+00:00\",\"dateModified\":\"2021-08-08T17:25:17+00:00\",\"description\":\"Montessori Playgroup for children from 16 months to 7 years in the centre of Clermont-Ferrand.\",\"breadcrumb\":{\"@id\":\"https:\/\/www.montessoriwithlove.fr\/privacy-policy\/#breadcrumb\"},\"inLanguage\":\"fr-FR\",\"potentialAction\":[{\"@type\":\"ReadAction\",\"target\":[\"https:\/\/www.montessoriwithlove.fr\/privacy-policy\/\"]}]},{\"@type\":\"BreadcrumbList\",\"@id\":\"https:\/\/www.montessoriwithlove.fr\/privacy-policy\/#breadcrumb\",\"itemListElement\":[{\"@type\":\"ListItem\",\"position\":1,\"name\":\"Home\",\"item\":\"https:\/\/www.montessoriwithlove.fr\/\"},{\"@type\":\"ListItem\",\"position\":2,\"name\":\"Privacy Policy MwL\"}]},{\"@type\":\"WebSite\",\"@id\":\"https:\/\/www.montessoriwithlove.fr\/fr\/#website\",\"url\":\"https:\/\/www.montessoriwithlove.fr\/fr\/\",\"name\":\"Montessori with Love\",\"description\":\"Free your child\u00b4s potential with Montessori approach\",\"publisher\":{\"@id\":\"https:\/\/www.montessoriwithlove.fr\/fr\/#organization\"},\"potentialAction\":[{\"@type\":\"SearchAction\",\"target\":{\"@type\":\"EntryPoint\",\"urlTemplate\":\"https:\/\/www.montessoriwithlove.fr\/fr\/?s={search_term_string}\"},\"query-input\":\"required name=search_term_string\"}],\"inLanguage\":\"fr-FR\"},{\"@type\":[\"Organization\",\"Place\",\"Preschool\"],\"@id\":\"https:\/\/www.montessoriwithlove.fr\/fr\/#organization\",\"name\":\"Montessori with Love\",\"url\":\"https:\/\/www.montessoriwithlove.fr\/fr\/\",\"logo\":{\"@id\":\"https:\/\/www.montessoriwithlove.fr\/privacy-policy\/#local-main-organization-logo\"},\"image\":{\"@id\":\"https:\/\/www.montessoriwithlove.fr\/privacy-policy\/#local-main-organization-logo\"},\"sameAs\":[\"https:\/\/www.facebook.com\/montessoriwithlove\/\",\"https:\/\/www.instagram.com\/montessoriwithlove.fr\/\",\"https:\/\/www.linkedin.com\/in\/eliskasykora\/\"],\"address\":{\"@id\":\"https:\/\/www.montessoriwithlove.fr\/privacy-policy\/#local-main-place-address\"},\"geo\":{\"@type\":\"GeoCoordinates\",\"latitude\":\"45.7802433\",\"longitude\":\"3.0873574\"},\"telephone\":[\"0695353154\"],\"openingHoursSpecification\":[{\"@type\":\"OpeningHoursSpecification\",\"dayOfWeek\":[\"Monday\",\"Tuesday\"],\"opens\":\"00:00\",\"closes\":\"00:00\"},{\"@type\":\"OpeningHoursSpecification\",\"dayOfWeek\":[\"Wednesday\"],\"opens\":\"09:00\",\"closes\":\"18:00\"},{\"@type\":\"OpeningHoursSpecification\",\"dayOfWeek\":[\"Thursday\",\"Friday\"],\"opens\":\"10:00\",\"closes\":\"13:00\"},{\"@type\":\"OpeningHoursSpecification\",\"dayOfWeek\":[\"Saturday\"],\"opens\":\"10:00\",\"closes\":\"17:30\"},{\"@type\":\"OpeningHoursSpecification\",\"dayOfWeek\":[\"Sunday\"],\"opens\":\"14:00\",\"closes\":\"16:30\"}],\"email\":\"eli@montessoriwithlove.fr\"},{\"@type\":\"PostalAddress\",\"@id\":\"https:\/\/www.montessoriwithlove.fr\/privacy-policy\/#local-main-place-address\",\"streetAddress\":\"14 Rue du Port\",\"addressLocality\":\"Clermont-Ferrand\",\"postalCode\":\"63000\",\"addressCountry\":\"FR\"},{\"@type\":\"ImageObject\",\"inLanguage\":\"fr-FR\",\"@id\":\"https:\/\/www.montessoriwithlove.fr\/privacy-policy\/#local-main-organization-logo\",\"url\":\"https:\/\/www.montessoriwithlove.fr\/wp-content\/uploads\/2020\/02\/Logotype_icon_transparent.png\",\"contentUrl\":\"https:\/\/www.montessoriwithlove.fr\/wp-content\/uploads\/2020\/02\/Logotype_icon_transparent.png\",\"width\":2481,\"height\":2481,\"caption\":\"Montessori with Love\"}]}<\/script>\n<meta name=\"geo.placename\" content=\"Clermont-Ferrand\" \/>\n<meta name=\"geo.region\" content=\"France\" \/>\n<!-- \/ Yoast SEO plugin. -->","yoast_head_json":{"title":"Montessori with Love - Privacy Policy MwL","description":"Montessori Playgroup for children from 16 months to 7 years in the centre of Clermont-Ferrand.","robots":{"index":"index","follow":"follow","max-snippet":"max-snippet:-1","max-image-preview":"max-image-preview:large","max-video-preview":"max-video-preview:-1"},"canonical":"https:\/\/www.montessoriwithlove.fr\/fr\/privacy-policy\/","og_locale":"fr_FR","og_type":"article","og_title":"Montessori with Love - Privacy Policy MwL","og_description":"Montessori Playgroup for children from 16 months to 7 years in the centre of Clermont-Ferrand.","og_url":"https:\/\/www.montessoriwithlove.fr\/fr\/privacy-policy\/","og_site_name":"Montessori with Love","article_publisher":"https:\/\/www.facebook.com\/montessoriwithlove\/","article_modified_time":"2021-08-08T17:25:17+00:00","twitter_card":"summary_large_image","twitter_misc":{"Dur\u00e9e de lecture estim\u00e9e":"4 minutes"},"schema":{"@context":"https:\/\/schema.org","@graph":[{"@type":"WebPage","@id":"https:\/\/www.montessoriwithlove.fr\/privacy-policy\/","url":"https:\/\/www.montessoriwithlove.fr\/privacy-policy\/","name":"Montessori with Love - Privacy Policy MwL","isPartOf":{"@id":"https:\/\/www.montessoriwithlove.fr\/fr\/#website"},"datePublished":"2020-02-08T20:08:44+00:00","dateModified":"2021-08-08T17:25:17+00:00","description":"Montessori Playgroup for children from 16 months to 7 years in the centre of Clermont-Ferrand.","breadcrumb":{"@id":"https:\/\/www.montessoriwithlove.fr\/privacy-policy\/#breadcrumb"},"inLanguage":"fr-FR","potentialAction":[{"@type":"ReadAction","target":["https:\/\/www.montessoriwithlove.fr\/privacy-policy\/"]}]},{"@type":"BreadcrumbList","@id":"https:\/\/www.montessoriwithlove.fr\/privacy-policy\/#breadcrumb","itemListElement":[{"@type":"ListItem","position":1,"name":"Home","item":"https:\/\/www.montessoriwithlove.fr\/"},{"@type":"ListItem","position":2,"name":"Privacy Policy MwL"}]},{"@type":"WebSite","@id":"https:\/\/www.montessoriwithlove.fr\/fr\/#website","url":"https:\/\/www.montessoriwithlove.fr\/fr\/","name":"Montessori with Love","description":"Free your child\u00b4s potential with Montessori approach","publisher":{"@id":"https:\/\/www.montessoriwithlove.fr\/fr\/#organization"},"potentialAction":[{"@type":"SearchAction","target":{"@type":"EntryPoint","urlTemplate":"https:\/\/www.montessoriwithlove.fr\/fr\/?s={search_term_string}"},"query-input":"required name=search_term_string"}],"inLanguage":"fr-FR"},{"@type":["Organization","Place","Preschool"],"@id":"https:\/\/www.montessoriwithlove.fr\/fr\/#organization","name":"Montessori with Love","url":"https:\/\/www.montessoriwithlove.fr\/fr\/","logo":{"@id":"https:\/\/www.montessoriwithlove.fr\/privacy-policy\/#local-main-organization-logo"},"image":{"@id":"https:\/\/www.montessoriwithlove.fr\/privacy-policy\/#local-main-organization-logo"},"sameAs":["https:\/\/www.facebook.com\/montessoriwithlove\/","https:\/\/www.instagram.com\/montessoriwithlove.fr\/","https:\/\/www.linkedin.com\/in\/eliskasykora\/"],"address":{"@id":"https:\/\/www.montessoriwithlove.fr\/privacy-policy\/#local-main-place-address"},"geo":{"@type":"GeoCoordinates","latitude":"45.7802433","longitude":"3.0873574"},"telephone":["0695353154"],"openingHoursSpecification":[{"@type":"OpeningHoursSpecification","dayOfWeek":["Monday","Tuesday"],"opens":"00:00","closes":"00:00"},{"@type":"OpeningHoursSpecification","dayOfWeek":["Wednesday"],"opens":"09:00","closes":"18:00"},{"@type":"OpeningHoursSpecification","dayOfWeek":["Thursday","Friday"],"opens":"10:00","closes":"13:00"},{"@type":"OpeningHoursSpecification","dayOfWeek":["Saturday"],"opens":"10:00","closes":"17:30"},{"@type":"OpeningHoursSpecification","dayOfWeek":["Sunday"],"opens":"14:00","closes":"16:30"}],"email":"eli@montessoriwithlove.fr"},{"@type":"PostalAddress","@id":"https:\/\/www.montessoriwithlove.fr\/privacy-policy\/#local-main-place-address","streetAddress":"14 Rue du Port","addressLocality":"Clermont-Ferrand","postalCode":"63000","addressCountry":"FR"},{"@type":"ImageObject","inLanguage":"fr-FR","@id":"https:\/\/www.montessoriwithlove.fr\/privacy-policy\/#local-main-organization-logo","url":"https:\/\/www.montessoriwithlove.fr\/wp-content\/uploads\/2020\/02\/Logotype_icon_transparent.png","contentUrl":"https:\/\/www.montessoriwithlove.fr\/wp-content\/uploads\/2020\/02\/Logotype_icon_transparent.png","width":2481,"height":2481,"caption":"Montessori with Love"}]},"geo.placename":"Clermont-Ferrand","geo.position":{"lat":"45.7802433","long":"3.0873574"},"geo.region":"France"},"_links":{"self":[{"href":"https:\/\/www.montessoriwithlove.fr\/fr\/wp-json\/wp\/v2\/pages\/74791","targetHints":{"allow":["GET"]}}],"collection":[{"href":"https:\/\/www.montessoriwithlove.fr\/fr\/wp-json\/wp\/v2\/pages"}],"about":[{"href":"https:\/\/www.montessoriwithlove.fr\/fr\/wp-json\/wp\/v2\/types\/page"}],"author":[{"embeddable":true,"href":"https:\/\/www.montessoriwithlove.fr\/fr\/wp-json\/wp\/v2\/users\/1"}],"replies":[{"embeddable":true,"href":"https:\/\/www.montessoriwithlove.fr\/fr\/wp-json\/wp\/v2\/comments?post=74791"}],"version-history":[{"count":0,"href":"https:\/\/www.montessoriwithlove.fr\/fr\/wp-json\/wp\/v2\/pages\/74791\/revisions"}],"wp:attachment":[{"href":"https:\/\/www.montessoriwithlove.fr\/fr\/wp-json\/wp\/v2\/media?parent=74791"}],"curies":[{"name":"wp","href":"https:\/\/api.w.org\/{rel}","templated":true}]}}