{"id":73736,"date":"2019-03-08T14:44:03","date_gmt":"2019-03-08T13:44:03","guid":{"rendered":"https:\/\/www.montessoriwithlove.fr\/?page_id=73736"},"modified":"2020-12-21T20:03:41","modified_gmt":"2020-12-21T19:03:41","slug":"montessori-classes","status":"publish","type":"page","link":"https:\/\/www.montessoriwithlove.fr\/fr\/montessori-classes\/","title":{"rendered":"Ateliers"},"content":{"rendered":"<div class=\"wpb-content-wrapper\"><div data-parent=\"true\" class=\"vc_row row-container boomapps_vcrow\" id=\"row-unique-0\"><div class=\"row limit-width row-parent\"><div class=\"wpb_row row-inner\"><div class=\"wpb_column pos-middle pos-center align_left column_parent col-lg-6 boomapps_vccolumn half-internal-gutter\"><div class=\"uncol style-light\"  ><div class=\"uncoltable\"><div class=\"uncell  boomapps_vccolumn one-block-padding\" ><div class=\"uncont\" ><div class=\"icon-box icon-box-left\" ><div class=\"icon-box-icon fa-container\"><span class=\"text-color-gyho-color btn-disable-hover\"><i class=\"fa fa-cube fa-2x fa-fw\"><\/i><\/span><\/div><div class=\"icon-box-content\"><div class=\"icon-box-heading icon-box-fa-2x\"><h1 class=\"font-402331 h5\">Environnement Montessori<\/h1><\/div><\/div><\/div><div class=\"icon-box icon-box-left\" ><div class=\"icon-box-icon fa-container\"><span class=\"text-color-gyho-color btn-disable-hover\"><i class=\"fa fa-child fa-2x fa-fw\"><\/i><\/span><\/div><div class=\"icon-box-content\"><div class=\"icon-box-heading icon-box-fa-2x\"><h1 class=\"font-402331 h5\">Apprentissage au rythme de l\u00b4enfant<\/h1><\/div><\/div><\/div><div class=\"icon-box icon-box-left\" ><div class=\"icon-box-icon fa-container\"><span class=\"text-color-gyho-color btn-disable-hover\"><i class=\"fa fa-users2 fa-2x fa-fw\"><\/i><\/span><\/div><div class=\"icon-box-content\"><div class=\"icon-box-heading icon-box-fa-2x\"><h1 class=\"font-402331 h5\">2 tranches d&#039;\u00e2ge<\/h1><\/div><\/div><\/div><div class=\"icon-box icon-box-left\" ><div class=\"icon-box-icon fa-container\"><span class=\"text-color-gyho-color btn-disable-hover\"><i class=\"fa fa-earth fa-2x fa-fw\"><\/i><\/span><\/div><div class=\"icon-box-content\"><div class=\"icon-box-heading icon-box-fa-2x\"><h1 class=\"font-402331 h5\">Educatrice Montessori bilingue<\/h1><\/div><\/div><\/div><div class=\"icon-box icon-box-left\" ><div class=\"icon-box-icon fa-container\"><span class=\"text-color-gyho-color btn-disable-hover\"><i class=\"fa fa-tripadvisor fa-2x fa-fw\"><\/i><\/span><\/div><div class=\"icon-box-content\"><div class=\"icon-box-heading icon-box-fa-2x\"><h1 class=\"font-402331 h5\">Apprentissage par l\u00b4exp\u00e9rimentation<\/h1><\/div><\/div><\/div><div class=\"icon-box icon-box-left\" ><div class=\"icon-box-icon fa-container\"><span class=\"text-color-gyho-color btn-disable-hover\"><i class=\"fa fa-smile fa-2x fa-fw\"><\/i><\/span><\/div><div class=\"icon-box-content\"><div class=\"icon-box-heading icon-box-fa-2x\"><h1 class=\"font-402331 h5\">Bienveillance<\/h1><\/div><\/div><\/div><div class=\"icon-box icon-box-left\" ><div class=\"icon-box-icon fa-container\"><span class=\"text-color-gyho-color btn-disable-hover\"><i class=\"fa fa-heart3 fa-2x fa-fw\"><\/i><\/span><\/div><div class=\"icon-box-content\"><div class=\"icon-box-heading icon-box-fa-2x\"><h1 class=\"font-402331 h5\">Chaque enfant est unique ... et c&#039;est respect\u00e9<\/h1><\/div><\/div><\/div><div class=\"icon-box icon-box-left\" ><div class=\"icon-box-icon fa-container\"><span class=\"text-color-gyho-color btn-disable-hover\"><i class=\"fa fa-info-circle fa-2x fa-fw\"><\/i><\/span><\/div><div class=\"icon-box-content\"><div class=\"icon-box-heading icon-box-fa-2x\"><h1 class=\"font-402331 h5\">Soutien \u00e0 la parentalit\u00e9<\/h1><\/div><\/div><\/div><\/div><\/div><\/div><\/div><\/div><div class=\"wpb_column pos-top pos-center align_left column_parent col-lg-6 boomapps_vccolumn single-internal-gutter\"><div class=\"uncol style-light\"  ><div class=\"uncoltable\"><div class=\"uncell  boomapps_vccolumn no-block-padding style-color-lxmt-bg\" ><div class=\"uncont\" ><div class=\"uncode_text_column\" ><p>La m\u00e9thode Montessori est bien plus qu&#039;une p\u00e9dagogie, c&#039;est un \u00e9tat d&#039;esprit, une mani\u00e8re d&#039;accompagner au quotidien les enfants dans leur <strong>d\u00e9couvertes<\/strong> et leur <strong>compr\u00e9hension du monde<\/strong>.<\/p>\n<p>Chez Montessori with Love, les ateliers sont disponibles presque tous les jours. Parce que Montessori c'est aussi la libert\u00e9 d'expression, j'organise occasionnellement <a href=\"https:\/\/www.montessoriwithlove.fr\/fr\/produit\/creative-workshop\/\"><strong>des ateliers cr\u00e9atifs<\/strong><\/a>. Si vous souhaitez \u00eatre inform\u00e9, abonnez-vous au <a href=\"https:\/\/montessoriwithlove.us4.list-manage.com\/subscribe?u=d2d06de491c7427d58aa39734&amp;id=c9913651bb\">Newsletter<\/a> !<\/p>\n<\/div><div class=\"uncode_text_column right-t-left animate_when_almost_visible\" data-delay=\"500\" data-speed=\"600\"><\/p>\n<blockquote>\n<p><em>\u00abLes enfants apprennent naturellement par l'activit\u00e9 et leurs caract\u00e8res se d\u00e9veloppent par la libert\u00e9.\u00bb - Maria Montessori\u00a0<\/em><\/p>\n<\/blockquote>\n<p>\n<\/div><\/div><\/div><\/div><\/div><\/div><script id=\"script-row-unique-0\" data-row=\"script-row-unique-0\" type=\"text\/javascript\" class=\"vc_controls\">UNCODE.initRow(document.getElementById(\"row-unique-0\"));<\/script><\/div><\/div><\/div><div data-parent=\"true\" class=\"vc_row row-container boomapps_vcrow\" id=\"row-unique-1\"><div class=\"row col-half-gutter limit-width row-parent\"><div class=\"wpb_row row-inner\"><div class=\"wpb_column pos-top pos-center align_center column_parent col-lg-6 boomapps_vccolumn single-internal-gutter\"><div class=\"uncol style-light\"  ><div class=\"uncoltable\"><div class=\"uncell  boomapps_vccolumn no-block-padding\" ><div class=\"uncont\" ><div class=\"icon-box icon-box-bottom\" ><div class=\"icon-box-content\"><div class=\"icon-box-heading icon-box-fa-2x-back\"><h5 class=\"font-103600 h4 font-weight-600 fontheight-578034\">Ateliers Parent-Enfant<\/h5><\/div><p class=\"text-top-reduced text-lead\"><em>pour les enfants de 16 mois \u00e0 3 ans<\/em><\/p>\n<\/div><div class=\"icon-box-icon fa-container\"><a role=\"button\" href=\"https:\/\/www.montessoriwithlove.fr\/fr\/montessori-classes\/parent-toddler-classes\/\" title=\"Les Ateliers Parent-Enfant\" aria-label=\"Les Ateliers Parent-Enfant\" class=\"fa fa-stack fa-2x btn-color-gyho fa-rounded btn-outline icon-animated custom-link\"><span class=\"icon-automatic-video icon-automatic-fa-2x icon-animated btn-outline btn-color-gyho\"><span class=\"icon-automatic-video-inner-bg\"><\/span><span class=\"icon-automatic-video-outer-bg\"><\/span><\/span><i class=\"fa fa-users2\"><\/i><\/a><\/div><\/div><\/div><\/div><\/div><\/div><\/div><div class=\"wpb_column pos-top pos-center align_center column_parent col-lg-6 boomapps_vccolumn single-internal-gutter\"><div class=\"uncol style-light font-103600\"  ><div class=\"uncoltable\"><div class=\"uncell  boomapps_vccolumn no-block-padding\" ><div class=\"uncont\" ><div class=\"icon-box icon-box-bottom  icon-inline\" ><div class=\"icon-box-content\"><div class=\"icon-box-heading icon-box-fa-2x-back\"><h4 class=\"font-103600 h4 font-weight-600 fontheight-578034\">Ateliers Enfant<\/h4><\/div><p class=\"text-top-reduced text-lead\"><em>sans parents<\/em><\/p>\n<\/div><div class=\"icon-box-icon fa-container\"><a role=\"button\" href=\"https:\/\/www.montessoriwithlove.fr\/fr\/montessori-classes\/preschooler-classes\/\" title=\"l\u00b4Enfant de 3 \u00e0 6 ans\" aria-label=\"l\u00b4Enfant de 3 \u00e0 6 ans\" class=\"fa fa-stack fa-2x btn-color-gyho fa-rounded btn-outline icon-animated custom-link\"><span class=\"icon-automatic-video icon-automatic-fa-2x icon-animated btn-outline btn-color-gyho\"><span class=\"icon-automatic-video-inner-bg\"><\/span><span class=\"icon-automatic-video-outer-bg\"><\/span><\/span><i class=\"fa fa-user3\"><\/i><\/a><\/div><\/div><\/div><\/div><\/div><\/div><\/div><script id=\"script-row-unique-1\" data-row=\"script-row-unique-1\" type=\"text\/javascript\" class=\"vc_controls\">UNCODE.initRow(document.getElementById(\"row-unique-1\"));<\/script><\/div><\/div><\/div>\n<\/div>","protected":false},"excerpt":{"rendered":"Environnement MontessoriApprentissage dirig\u00e9 par des enfants2 groupes d&#039;\u00e2geGuide Montessori bilingueApprentissage \u00e0 son rythmeUne exp\u00e9rience agr\u00e9able pour les enfantsChaque enfant est unique....et cela est respect\u00e9Conseils et soutien aux parentsLe [...]","protected":false},"author":1,"featured_media":75228,"parent":0,"menu_order":0,"comment_status":"closed","ping_status":"closed","template":"","meta":{"footnotes":""},"class_list":["post-73736","page","type-page","status-publish","has-post-thumbnail","hentry"],"yoast_head":"<!-- This site is optimized with the Yoast SEO plugin v23.1 - https:\/\/yoast.com\/wordpress\/plugins\/seo\/ -->\n<title>Montessori Classes from 16 months to 7 years - Montessori with Love<\/title>\n<meta name=\"description\" content=\"Montessori Parent-Toddler Classes &amp; Preschooler Montessori Playgroups. Bilingual environment &amp; self-paced learning. Learn more now!\" \/>\n<meta name=\"robots\" content=\"index, follow, max-snippet:-1, max-image-preview:large, max-video-preview:-1\" \/>\n<link rel=\"canonical\" href=\"https:\/\/www.montessoriwithlove.fr\/fr\/montessori-classes\/\" \/>\n<meta property=\"og:locale\" content=\"fr_FR\" \/>\n<meta property=\"og:type\" content=\"article\" \/>\n<meta property=\"og:title\" content=\"Montessori Classes from 16 months to 7 years - Montessori with Love\" \/>\n<meta property=\"og:description\" content=\"Montessori Parent-Toddler Classes &amp; Preschooler Montessori Playgroups. Bilingual environment &amp; self-paced learning. Learn more now!\" \/>\n<meta property=\"og:url\" content=\"https:\/\/www.montessoriwithlove.fr\/fr\/montessori-classes\/\" \/>\n<meta property=\"og:site_name\" content=\"Montessori with Love\" \/>\n<meta property=\"article:publisher\" content=\"https:\/\/www.facebook.com\/montessoriwithlove\/\" \/>\n<meta property=\"article:modified_time\" content=\"2020-12-21T19:03:41+00:00\" \/>\n<meta property=\"og:image\" content=\"https:\/\/www.montessoriwithlove.fr\/wp-content\/uploads\/2020\/02\/Montessori_classroom.jpg\" \/>\n\t<meta property=\"og:image:width\" content=\"1200\" \/>\n\t<meta property=\"og:image:height\" content=\"912\" \/>\n\t<meta property=\"og:image:type\" content=\"image\/jpeg\" \/>\n<meta name=\"twitter:card\" content=\"summary_large_image\" \/>\n<meta name=\"twitter:label1\" content=\"Dur\u00e9e de lecture estim\u00e9e\" \/>\n\t<meta name=\"twitter:data1\" content=\"3 minutes\" \/>\n<script type=\"application\/ld+json\" class=\"yoast-schema-graph\">{\"@context\":\"https:\/\/schema.org\",\"@graph\":[{\"@type\":\"WebPage\",\"@id\":\"https:\/\/www.montessoriwithlove.fr\/montessori-classes\/\",\"url\":\"https:\/\/www.montessoriwithlove.fr\/montessori-classes\/\",\"name\":\"Montessori Classes from 16 months to 7 years - Montessori with Love\",\"isPartOf\":{\"@id\":\"https:\/\/www.montessoriwithlove.fr\/fr\/#website\"},\"primaryImageOfPage\":{\"@id\":\"https:\/\/www.montessoriwithlove.fr\/montessori-classes\/#primaryimage\"},\"image\":{\"@id\":\"https:\/\/www.montessoriwithlove.fr\/montessori-classes\/#primaryimage\"},\"thumbnailUrl\":\"https:\/\/www.montessoriwithlove.fr\/wp-content\/uploads\/2020\/02\/Montessori_classroom.jpg\",\"datePublished\":\"2019-03-08T13:44:03+00:00\",\"dateModified\":\"2020-12-21T19:03:41+00:00\",\"description\":\"Montessori Parent-Toddler Classes & Preschooler Montessori Playgroups. Bilingual environment & self-paced learning. Learn more now!\",\"breadcrumb\":{\"@id\":\"https:\/\/www.montessoriwithlove.fr\/montessori-classes\/#breadcrumb\"},\"inLanguage\":\"fr-FR\",\"potentialAction\":[{\"@type\":\"ReadAction\",\"target\":[\"https:\/\/www.montessoriwithlove.fr\/montessori-classes\/\"]}]},{\"@type\":\"ImageObject\",\"inLanguage\":\"fr-FR\",\"@id\":\"https:\/\/www.montessoriwithlove.fr\/montessori-classes\/#primaryimage\",\"url\":\"https:\/\/www.montessoriwithlove.fr\/wp-content\/uploads\/2020\/02\/Montessori_classroom.jpg\",\"contentUrl\":\"https:\/\/www.montessoriwithlove.fr\/wp-content\/uploads\/2020\/02\/Montessori_classroom.jpg\",\"width\":1200,\"height\":912,\"caption\":\"Montessori classroom\"},{\"@type\":\"BreadcrumbList\",\"@id\":\"https:\/\/www.montessoriwithlove.fr\/montessori-classes\/#breadcrumb\",\"itemListElement\":[{\"@type\":\"ListItem\",\"position\":1,\"name\":\"Home\",\"item\":\"https:\/\/www.montessoriwithlove.fr\/\"},{\"@type\":\"ListItem\",\"position\":2,\"name\":\"Classes\"}]},{\"@type\":\"WebSite\",\"@id\":\"https:\/\/www.montessoriwithlove.fr\/fr\/#website\",\"url\":\"https:\/\/www.montessoriwithlove.fr\/fr\/\",\"name\":\"Montessori with Love\",\"description\":\"Free your child\u00b4s potential with Montessori approach\",\"publisher\":{\"@id\":\"https:\/\/www.montessoriwithlove.fr\/fr\/#organization\"},\"potentialAction\":[{\"@type\":\"SearchAction\",\"target\":{\"@type\":\"EntryPoint\",\"urlTemplate\":\"https:\/\/www.montessoriwithlove.fr\/fr\/?s={search_term_string}\"},\"query-input\":\"required name=search_term_string\"}],\"inLanguage\":\"fr-FR\"},{\"@type\":[\"Organization\",\"Place\",\"Preschool\"],\"@id\":\"https:\/\/www.montessoriwithlove.fr\/fr\/#organization\",\"name\":\"Montessori with Love\",\"url\":\"https:\/\/www.montessoriwithlove.fr\/fr\/\",\"logo\":{\"@id\":\"https:\/\/www.montessoriwithlove.fr\/montessori-classes\/#local-main-organization-logo\"},\"image\":{\"@id\":\"https:\/\/www.montessoriwithlove.fr\/montessori-classes\/#local-main-organization-logo\"},\"sameAs\":[\"https:\/\/www.facebook.com\/montessoriwithlove\/\",\"https:\/\/www.instagram.com\/montessoriwithlove.fr\/\",\"https:\/\/www.linkedin.com\/in\/eliskasykora\/\"],\"address\":{\"@id\":\"https:\/\/www.montessoriwithlove.fr\/montessori-classes\/#local-main-place-address\"},\"geo\":{\"@type\":\"GeoCoordinates\",\"latitude\":\"45.7802433\",\"longitude\":\"3.0873574\"},\"telephone\":[\"0695353154\"],\"openingHoursSpecification\":[{\"@type\":\"OpeningHoursSpecification\",\"dayOfWeek\":[\"Monday\",\"Tuesday\"],\"opens\":\"00:00\",\"closes\":\"00:00\"},{\"@type\":\"OpeningHoursSpecification\",\"dayOfWeek\":[\"Wednesday\"],\"opens\":\"09:00\",\"closes\":\"18:00\"},{\"@type\":\"OpeningHoursSpecification\",\"dayOfWeek\":[\"Thursday\",\"Friday\"],\"opens\":\"10:00\",\"closes\":\"13:00\"},{\"@type\":\"OpeningHoursSpecification\",\"dayOfWeek\":[\"Saturday\"],\"opens\":\"10:00\",\"closes\":\"17:30\"},{\"@type\":\"OpeningHoursSpecification\",\"dayOfWeek\":[\"Sunday\"],\"opens\":\"14:00\",\"closes\":\"16:30\"}],\"email\":\"eli@montessoriwithlove.fr\"},{\"@type\":\"PostalAddress\",\"@id\":\"https:\/\/www.montessoriwithlove.fr\/montessori-classes\/#local-main-place-address\",\"streetAddress\":\"14 Rue du Port\",\"addressLocality\":\"Clermont-Ferrand\",\"postalCode\":\"63000\",\"addressCountry\":\"FR\"},{\"@type\":\"ImageObject\",\"inLanguage\":\"fr-FR\",\"@id\":\"https:\/\/www.montessoriwithlove.fr\/montessori-classes\/#local-main-organization-logo\",\"url\":\"https:\/\/www.montessoriwithlove.fr\/wp-content\/uploads\/2020\/02\/Logotype_icon_transparent.png\",\"contentUrl\":\"https:\/\/www.montessoriwithlove.fr\/wp-content\/uploads\/2020\/02\/Logotype_icon_transparent.png\",\"width\":2481,\"height\":2481,\"caption\":\"Montessori with Love\"}]}<\/script>\n<meta name=\"geo.placename\" content=\"Clermont-Ferrand\" \/>\n<meta name=\"geo.region\" content=\"France\" \/>\n<!-- \/ Yoast SEO plugin. -->","yoast_head_json":{"title":"Montessori Classes from 16 months to 7 years - Montessori with Love","description":"Montessori Parent-Toddler Classes & Preschooler Montessori Playgroups. Bilingual environment & self-paced learning. Learn more now!","robots":{"index":"index","follow":"follow","max-snippet":"max-snippet:-1","max-image-preview":"max-image-preview:large","max-video-preview":"max-video-preview:-1"},"canonical":"https:\/\/www.montessoriwithlove.fr\/fr\/montessori-classes\/","og_locale":"fr_FR","og_type":"article","og_title":"Montessori Classes from 16 months to 7 years - Montessori with Love","og_description":"Montessori Parent-Toddler Classes & Preschooler Montessori Playgroups. Bilingual environment & self-paced learning. Learn more now!","og_url":"https:\/\/www.montessoriwithlove.fr\/fr\/montessori-classes\/","og_site_name":"Montessori with Love","article_publisher":"https:\/\/www.facebook.com\/montessoriwithlove\/","article_modified_time":"2020-12-21T19:03:41+00:00","og_image":[{"width":1200,"height":912,"url":"https:\/\/www.montessoriwithlove.fr\/wp-content\/uploads\/2020\/02\/Montessori_classroom.jpg","type":"image\/jpeg"}],"twitter_card":"summary_large_image","twitter_misc":{"Dur\u00e9e de lecture estim\u00e9e":"3 minutes"},"schema":{"@context":"https:\/\/schema.org","@graph":[{"@type":"WebPage","@id":"https:\/\/www.montessoriwithlove.fr\/montessori-classes\/","url":"https:\/\/www.montessoriwithlove.fr\/montessori-classes\/","name":"Montessori Classes from 16 months to 7 years - Montessori with Love","isPartOf":{"@id":"https:\/\/www.montessoriwithlove.fr\/fr\/#website"},"primaryImageOfPage":{"@id":"https:\/\/www.montessoriwithlove.fr\/montessori-classes\/#primaryimage"},"image":{"@id":"https:\/\/www.montessoriwithlove.fr\/montessori-classes\/#primaryimage"},"thumbnailUrl":"https:\/\/www.montessoriwithlove.fr\/wp-content\/uploads\/2020\/02\/Montessori_classroom.jpg","datePublished":"2019-03-08T13:44:03+00:00","dateModified":"2020-12-21T19:03:41+00:00","description":"Montessori Parent-Toddler Classes & Preschooler Montessori Playgroups. Bilingual environment & self-paced learning. Learn more now!","breadcrumb":{"@id":"https:\/\/www.montessoriwithlove.fr\/montessori-classes\/#breadcrumb"},"inLanguage":"fr-FR","potentialAction":[{"@type":"ReadAction","target":["https:\/\/www.montessoriwithlove.fr\/montessori-classes\/"]}]},{"@type":"ImageObject","inLanguage":"fr-FR","@id":"https:\/\/www.montessoriwithlove.fr\/montessori-classes\/#primaryimage","url":"https:\/\/www.montessoriwithlove.fr\/wp-content\/uploads\/2020\/02\/Montessori_classroom.jpg","contentUrl":"https:\/\/www.montessoriwithlove.fr\/wp-content\/uploads\/2020\/02\/Montessori_classroom.jpg","width":1200,"height":912,"caption":"Montessori classroom"},{"@type":"BreadcrumbList","@id":"https:\/\/www.montessoriwithlove.fr\/montessori-classes\/#breadcrumb","itemListElement":[{"@type":"ListItem","position":1,"name":"Home","item":"https:\/\/www.montessoriwithlove.fr\/"},{"@type":"ListItem","position":2,"name":"Classes"}]},{"@type":"WebSite","@id":"https:\/\/www.montessoriwithlove.fr\/fr\/#website","url":"https:\/\/www.montessoriwithlove.fr\/fr\/","name":"Montessori with Love","description":"Free your child\u00b4s potential with Montessori approach","publisher":{"@id":"https:\/\/www.montessoriwithlove.fr\/fr\/#organization"},"potentialAction":[{"@type":"SearchAction","target":{"@type":"EntryPoint","urlTemplate":"https:\/\/www.montessoriwithlove.fr\/fr\/?s={search_term_string}"},"query-input":"required name=search_term_string"}],"inLanguage":"fr-FR"},{"@type":["Organization","Place","Preschool"],"@id":"https:\/\/www.montessoriwithlove.fr\/fr\/#organization","name":"Montessori with Love","url":"https:\/\/www.montessoriwithlove.fr\/fr\/","logo":{"@id":"https:\/\/www.montessoriwithlove.fr\/montessori-classes\/#local-main-organization-logo"},"image":{"@id":"https:\/\/www.montessoriwithlove.fr\/montessori-classes\/#local-main-organization-logo"},"sameAs":["https:\/\/www.facebook.com\/montessoriwithlove\/","https:\/\/www.instagram.com\/montessoriwithlove.fr\/","https:\/\/www.linkedin.com\/in\/eliskasykora\/"],"address":{"@id":"https:\/\/www.montessoriwithlove.fr\/montessori-classes\/#local-main-place-address"},"geo":{"@type":"GeoCoordinates","latitude":"45.7802433","longitude":"3.0873574"},"telephone":["0695353154"],"openingHoursSpecification":[{"@type":"OpeningHoursSpecification","dayOfWeek":["Monday","Tuesday"],"opens":"00:00","closes":"00:00"},{"@type":"OpeningHoursSpecification","dayOfWeek":["Wednesday"],"opens":"09:00","closes":"18:00"},{"@type":"OpeningHoursSpecification","dayOfWeek":["Thursday","Friday"],"opens":"10:00","closes":"13:00"},{"@type":"OpeningHoursSpecification","dayOfWeek":["Saturday"],"opens":"10:00","closes":"17:30"},{"@type":"OpeningHoursSpecification","dayOfWeek":["Sunday"],"opens":"14:00","closes":"16:30"}],"email":"eli@montessoriwithlove.fr"},{"@type":"PostalAddress","@id":"https:\/\/www.montessoriwithlove.fr\/montessori-classes\/#local-main-place-address","streetAddress":"14 Rue du Port","addressLocality":"Clermont-Ferrand","postalCode":"63000","addressCountry":"FR"},{"@type":"ImageObject","inLanguage":"fr-FR","@id":"https:\/\/www.montessoriwithlove.fr\/montessori-classes\/#local-main-organization-logo","url":"https:\/\/www.montessoriwithlove.fr\/wp-content\/uploads\/2020\/02\/Logotype_icon_transparent.png","contentUrl":"https:\/\/www.montessoriwithlove.fr\/wp-content\/uploads\/2020\/02\/Logotype_icon_transparent.png","width":2481,"height":2481,"caption":"Montessori with Love"}]},"geo.placename":"Clermont-Ferrand","geo.position":{"lat":"45.7802433","long":"3.0873574"},"geo.region":"France"},"_links":{"self":[{"href":"https:\/\/www.montessoriwithlove.fr\/fr\/wp-json\/wp\/v2\/pages\/73736","targetHints":{"allow":["GET"]}}],"collection":[{"href":"https:\/\/www.montessoriwithlove.fr\/fr\/wp-json\/wp\/v2\/pages"}],"about":[{"href":"https:\/\/www.montessoriwithlove.fr\/fr\/wp-json\/wp\/v2\/types\/page"}],"author":[{"embeddable":true,"href":"https:\/\/www.montessoriwithlove.fr\/fr\/wp-json\/wp\/v2\/users\/1"}],"replies":[{"embeddable":true,"href":"https:\/\/www.montessoriwithlove.fr\/fr\/wp-json\/wp\/v2\/comments?post=73736"}],"version-history":[{"count":0,"href":"https:\/\/www.montessoriwithlove.fr\/fr\/wp-json\/wp\/v2\/pages\/73736\/revisions"}],"wp:featuredmedia":[{"embeddable":true,"href":"https:\/\/www.montessoriwithlove.fr\/fr\/wp-json\/wp\/v2\/media\/75228"}],"wp:attachment":[{"href":"https:\/\/www.montessoriwithlove.fr\/fr\/wp-json\/wp\/v2\/media?parent=73736"}],"curies":[{"name":"wp","href":"https:\/\/api.w.org\/{rel}","templated":true}]}}