{"id":73730,"date":"2019-03-08T14:44:03","date_gmt":"2019-03-08T13:44:03","guid":{"rendered":"https:\/\/www.montessoriwithlove.fr\/?page_id=73730"},"modified":"2024-04-21T13:37:21","modified_gmt":"2024-04-21T11:37:21","slug":"about-eli-and-montessori-with-love","status":"publish","type":"page","link":"https:\/\/www.montessoriwithlove.fr\/fr\/about-eli-and-montessori-with-love\/","title":{"rendered":"\u00c0 propos"},"content":{"rendered":"<div class=\"wpb-content-wrapper\"><div data-parent=\"true\" class=\"vc_row row-container boomapps_vcrow\" id=\"row-unique-0\"><div class=\"row limit-width row-parent\"><div class=\"wpb_row row-inner\"><div class=\"wpb_column pos-top pos-center align_left column_parent col-lg-6 boomapps_vccolumn single-internal-gutter\"><div class=\"uncol style-light\"  ><div class=\"uncoltable\"><div class=\"uncell  boomapps_vccolumn no-block-padding\" ><div class=\"uncont\" ><div class=\"uncode_text_column\" ><p><span style=\"font-weight: 400;\">Bonjour, je suis Eli,<\/span><\/p>\n<p><span style=\"font-weight: 400;\">la fondatrice de <strong>Montessori with Love<\/strong>. Apr\u00e8s 9 ans en tant que chef de projets en education\/formation et \u00e0 la suite de la naissance de ma fille en 2014 je me suis tourn\u00e9e vers <\/span><b>des m\u00e9thodes d\u00b4\u00e9ducation active<\/b><span style=\"font-weight: 400;\"> (l\u00b4apprentissage par l\u2019exp\u00e9rience v\u00e9cue, directement par les sens).\u00a0<\/span><\/p>\n<p><span style=\"font-weight: 400;\">J\u00b4\u00e9tais particuli\u00e9rement inspir\u00e9e par l\u00b4approche Montessori qui est une <strong>approche unique dans sa <\/strong><\/span><b>complexit\u00e9<\/b><span style=\"font-weight: 400;\"> avec une vision holistique de l\u00b4enfant. Je l\u00b4applique \u00e0 la maison depuis que ma fille est n\u00e9e et je vois <\/span><b>un enfant \u00e9panoui,<\/b><span style=\"font-weight: 400;\"> curieux et cr\u00e9atif.\u00a0<\/span><\/p>\n<p><span style=\"font-weight: 400;\">J'ai d\u00e9cid\u00e9 de suivre la formation bilingue au Centre de Formation Maria Montessori \u00e0 Gen\u00e8ve o\u00fa j\u00b4ai re\u00e7u le plus haut niveau de qualification pour les \u00e9ducatrice Montessori - Dipl\u00f4me AMI. Je suis \u00e9ducatrice Montessori AMI pour les enfants de 3 \u00e0 6 ans et assistante Montessori AMI pour les enfants de la naissance \u00e0 3 ans. Je suis \u00e9galement form\u00e9e en Communication Bienveillante.\u00a0<\/span><\/p>\n<p><span style=\"font-weight: 400;\"><strong>Ma mission<\/strong> est de prot\u00e9ger l&#039;immense <strong>cr\u00e9ativit\u00e9<\/strong> et <strong>l&#039;amour pour apprendre<\/strong> qui se trouvent dans chaque enfant. Comme l'a dit Maria Montessori: <em>\"La joie d\u00b4apprendre est autant indispensable \u00e0 l\u00b4intelligence que la respiration au coureur.\"<\/em> Montessori with Love vise \u00e0 \u00eatre un endroit o\u00f9 chaque enfant peut grandir en sachant qu'il est <strong>sp\u00e9cial<\/strong>. <\/span><\/p>\n<p><span style=\"font-weight: 400;\">Vous, les parents, \u00eates si importants! Imaginez quel r\u00f4le l\u2019environnement familial joue dans la vie de votre enfant. Parlons-en pendant les <a href=\"https:\/\/www.montessoriwithlove.fr\/fr\/montessori-classes\/parent-toddler-classes\/\"><strong>Ateliers Parent-Enfant<\/strong><\/a> ou des <strong><a href=\"https:\/\/www.montessoriwithlove.fr\/fr\/workshop\/\">formations<\/a><\/strong>. Chez Montessori with Love, prenez un joli moment pour observer votre enfant \u00e9voluer \u00e0 son rythme.\u00a0<\/span><\/p>\n<\/div><\/div><\/div><\/div><\/div><\/div><div class=\"wpb_column pos-middle pos-left align_left column_parent col-lg-6 boomapps_vccolumn single-internal-gutter\"><div class=\"uncol style-light\"  ><div class=\"uncoltable\"><div class=\"uncell  boomapps_vccolumn no-block-padding\" ><div class=\"uncont\" ><div class=\"uncode-single-media  text-center\"><div class=\"single-wrapper\" style=\"max-width: 83%;\"><div class=\"tmb tmb-light  img-round tmb-media-first tmb-media-last tmb-content-overlay tmb-no-bg\"><div class=\"t-inside\"><div class=\"t-entry-visual\"><div class=\"t-entry-visual-tc\"><div class=\"uncode-single-media-wrapper img-round\"><img decoding=\"async\" class=\"wp-image-74730\" src=\"https:\/\/www.montessoriwithlove.fr\/wp-content\/uploads\/2020\/02\/130128_eliska-business-foceni_12.jpg\" width=\"1800\" height=\"1200\" alt=\"Eli Sykora Montessori Teacher\" srcset=\"https:\/\/www.montessoriwithlove.fr\/wp-content\/uploads\/2020\/02\/130128_eliska-business-foceni_12.jpg 1800w, https:\/\/www.montessoriwithlove.fr\/wp-content\/uploads\/2020\/02\/130128_eliska-business-foceni_12-400x267.jpg 400w, https:\/\/www.montessoriwithlove.fr\/wp-content\/uploads\/2020\/02\/130128_eliska-business-foceni_12-300x200.jpg 300w, https:\/\/www.montessoriwithlove.fr\/wp-content\/uploads\/2020\/02\/130128_eliska-business-foceni_12-1024x683.jpg 1024w, https:\/\/www.montessoriwithlove.fr\/wp-content\/uploads\/2020\/02\/130128_eliska-business-foceni_12-768x512.jpg 768w, https:\/\/www.montessoriwithlove.fr\/wp-content\/uploads\/2020\/02\/130128_eliska-business-foceni_12-1536x1024.jpg 1536w\" sizes=\"(max-width: 1800px) 100vw, 1800px\" \/><\/div>\n\t\t\t\t\t<\/div>\n\t\t\t\t<\/div><\/div><\/div><\/div><\/div><\/div><\/div><\/div><\/div><\/div><script id=\"script-row-unique-0\" data-row=\"script-row-unique-0\" type=\"text\/javascript\" class=\"vc_controls\">UNCODE.initRow(document.getElementById(\"row-unique-0\"));<\/script><\/div><\/div><\/div>\n<\/div>","protected":false},"excerpt":{"rendered":"Bonjour, je suis Eli, le fondateur de Montessori with Love. J&#039;ai d\u00e9couvert Montessori alors que j&#039;\u00e9tais enceinte de ma fille Amy. [...]","protected":false},"author":1,"featured_media":76878,"parent":0,"menu_order":0,"comment_status":"closed","ping_status":"closed","template":"","meta":{"footnotes":""},"class_list":["post-73730","page","type-page","status-publish","has-post-thumbnail","hentry"],"yoast_head":"<!-- This site is optimized with the Yoast SEO plugin v23.1 - https:\/\/yoast.com\/wordpress\/plugins\/seo\/ -->\n<title>Montessori with Love - About me - Eli Sykora<\/title>\n<meta name=\"description\" content=\"As a founder of Montessori with Love I see my mission in protecting creativity and love for learning that lie within each child.\" \/>\n<meta name=\"robots\" content=\"index, follow, max-snippet:-1, max-image-preview:large, max-video-preview:-1\" \/>\n<link rel=\"canonical\" href=\"https:\/\/www.montessoriwithlove.fr\/fr\/about-eli-and-montessori-with-love\/\" \/>\n<meta property=\"og:locale\" content=\"fr_FR\" \/>\n<meta property=\"og:type\" content=\"article\" \/>\n<meta property=\"og:title\" content=\"Montessori with Love - About me - Eli Sykora\" \/>\n<meta property=\"og:description\" content=\"As a founder of Montessori with Love I see my mission in protecting creativity and love for learning that lie within each child.\" \/>\n<meta property=\"og:url\" content=\"https:\/\/www.montessoriwithlove.fr\/fr\/about-eli-and-montessori-with-love\/\" \/>\n<meta property=\"og:site_name\" content=\"Montessori with Love\" \/>\n<meta property=\"article:publisher\" content=\"https:\/\/www.facebook.com\/montessoriwithlove\/\" \/>\n<meta property=\"article:modified_time\" content=\"2024-04-21T11:37:21+00:00\" \/>\n<meta property=\"og:image\" content=\"https:\/\/www.montessoriwithlove.fr\/wp-content\/uploads\/2021\/08\/About-me-photo.jpg\" \/>\n\t<meta property=\"og:image:width\" content=\"1381\" \/>\n\t<meta property=\"og:image:height\" content=\"924\" \/>\n\t<meta property=\"og:image:type\" content=\"image\/jpeg\" \/>\n<meta name=\"twitter:card\" content=\"summary_large_image\" \/>\n<meta name=\"twitter:label1\" content=\"Dur\u00e9e de lecture estim\u00e9e\" \/>\n\t<meta name=\"twitter:data1\" content=\"1 minute\" \/>\n<script type=\"application\/ld+json\" class=\"yoast-schema-graph\">{\"@context\":\"https:\/\/schema.org\",\"@graph\":[{\"@type\":\"WebPage\",\"@id\":\"https:\/\/www.montessoriwithlove.fr\/about-eli-and-montessori-with-love\/\",\"url\":\"https:\/\/www.montessoriwithlove.fr\/about-eli-and-montessori-with-love\/\",\"name\":\"Montessori with Love - About me - Eli Sykora\",\"isPartOf\":{\"@id\":\"https:\/\/www.montessoriwithlove.fr\/fr\/#website\"},\"primaryImageOfPage\":{\"@id\":\"https:\/\/www.montessoriwithlove.fr\/about-eli-and-montessori-with-love\/#primaryimage\"},\"image\":{\"@id\":\"https:\/\/www.montessoriwithlove.fr\/about-eli-and-montessori-with-love\/#primaryimage\"},\"thumbnailUrl\":\"https:\/\/www.montessoriwithlove.fr\/wp-content\/uploads\/2021\/08\/About-me-photo.jpg\",\"datePublished\":\"2019-03-08T13:44:03+00:00\",\"dateModified\":\"2024-04-21T11:37:21+00:00\",\"description\":\"As a founder of Montessori with Love I see my mission in protecting creativity and love for learning that lie within each child.\",\"breadcrumb\":{\"@id\":\"https:\/\/www.montessoriwithlove.fr\/about-eli-and-montessori-with-love\/#breadcrumb\"},\"inLanguage\":\"fr-FR\",\"potentialAction\":[{\"@type\":\"ReadAction\",\"target\":[\"https:\/\/www.montessoriwithlove.fr\/about-eli-and-montessori-with-love\/\"]}]},{\"@type\":\"ImageObject\",\"inLanguage\":\"fr-FR\",\"@id\":\"https:\/\/www.montessoriwithlove.fr\/about-eli-and-montessori-with-love\/#primaryimage\",\"url\":\"https:\/\/www.montessoriwithlove.fr\/wp-content\/uploads\/2021\/08\/About-me-photo.jpg\",\"contentUrl\":\"https:\/\/www.montessoriwithlove.fr\/wp-content\/uploads\/2021\/08\/About-me-photo.jpg\",\"width\":1381,\"height\":924},{\"@type\":\"BreadcrumbList\",\"@id\":\"https:\/\/www.montessoriwithlove.fr\/about-eli-and-montessori-with-love\/#breadcrumb\",\"itemListElement\":[{\"@type\":\"ListItem\",\"position\":1,\"name\":\"Home\",\"item\":\"https:\/\/www.montessoriwithlove.fr\/\"},{\"@type\":\"ListItem\",\"position\":2,\"name\":\"About me\"}]},{\"@type\":\"WebSite\",\"@id\":\"https:\/\/www.montessoriwithlove.fr\/fr\/#website\",\"url\":\"https:\/\/www.montessoriwithlove.fr\/fr\/\",\"name\":\"Montessori with Love\",\"description\":\"Free your child\u00b4s potential with Montessori approach\",\"publisher\":{\"@id\":\"https:\/\/www.montessoriwithlove.fr\/fr\/#organization\"},\"potentialAction\":[{\"@type\":\"SearchAction\",\"target\":{\"@type\":\"EntryPoint\",\"urlTemplate\":\"https:\/\/www.montessoriwithlove.fr\/fr\/?s={search_term_string}\"},\"query-input\":\"required name=search_term_string\"}],\"inLanguage\":\"fr-FR\"},{\"@type\":[\"Organization\",\"Place\",\"Preschool\"],\"@id\":\"https:\/\/www.montessoriwithlove.fr\/fr\/#organization\",\"name\":\"Montessori with Love\",\"url\":\"https:\/\/www.montessoriwithlove.fr\/fr\/\",\"logo\":{\"@id\":\"https:\/\/www.montessoriwithlove.fr\/about-eli-and-montessori-with-love\/#local-main-organization-logo\"},\"image\":{\"@id\":\"https:\/\/www.montessoriwithlove.fr\/about-eli-and-montessori-with-love\/#local-main-organization-logo\"},\"sameAs\":[\"https:\/\/www.facebook.com\/montessoriwithlove\/\",\"https:\/\/www.instagram.com\/montessoriwithlove.fr\/\",\"https:\/\/www.linkedin.com\/in\/eliskasykora\/\"],\"address\":{\"@id\":\"https:\/\/www.montessoriwithlove.fr\/about-eli-and-montessori-with-love\/#local-main-place-address\"},\"geo\":{\"@type\":\"GeoCoordinates\",\"latitude\":\"45.7802433\",\"longitude\":\"3.0873574\"},\"telephone\":[\"0695353154\"],\"openingHoursSpecification\":[{\"@type\":\"OpeningHoursSpecification\",\"dayOfWeek\":[\"Monday\",\"Tuesday\"],\"opens\":\"00:00\",\"closes\":\"00:00\"},{\"@type\":\"OpeningHoursSpecification\",\"dayOfWeek\":[\"Wednesday\"],\"opens\":\"09:00\",\"closes\":\"18:00\"},{\"@type\":\"OpeningHoursSpecification\",\"dayOfWeek\":[\"Thursday\",\"Friday\"],\"opens\":\"10:00\",\"closes\":\"13:00\"},{\"@type\":\"OpeningHoursSpecification\",\"dayOfWeek\":[\"Saturday\"],\"opens\":\"10:00\",\"closes\":\"17:30\"},{\"@type\":\"OpeningHoursSpecification\",\"dayOfWeek\":[\"Sunday\"],\"opens\":\"14:00\",\"closes\":\"16:30\"}],\"email\":\"eli@montessoriwithlove.fr\"},{\"@type\":\"PostalAddress\",\"@id\":\"https:\/\/www.montessoriwithlove.fr\/about-eli-and-montessori-with-love\/#local-main-place-address\",\"streetAddress\":\"14 Rue du Port\",\"addressLocality\":\"Clermont-Ferrand\",\"postalCode\":\"63000\",\"addressCountry\":\"FR\"},{\"@type\":\"ImageObject\",\"inLanguage\":\"fr-FR\",\"@id\":\"https:\/\/www.montessoriwithlove.fr\/about-eli-and-montessori-with-love\/#local-main-organization-logo\",\"url\":\"https:\/\/www.montessoriwithlove.fr\/wp-content\/uploads\/2020\/02\/Logotype_icon_transparent.png\",\"contentUrl\":\"https:\/\/www.montessoriwithlove.fr\/wp-content\/uploads\/2020\/02\/Logotype_icon_transparent.png\",\"width\":2481,\"height\":2481,\"caption\":\"Montessori with Love\"}]}<\/script>\n<meta name=\"geo.placename\" content=\"Clermont-Ferrand\" \/>\n<meta name=\"geo.region\" content=\"France\" \/>\n<!-- \/ Yoast SEO plugin. -->","yoast_head_json":{"title":"Montessori with Love - About me - Eli Sykora","description":"As a founder of Montessori with Love I see my mission in protecting creativity and love for learning that lie within each child.","robots":{"index":"index","follow":"follow","max-snippet":"max-snippet:-1","max-image-preview":"max-image-preview:large","max-video-preview":"max-video-preview:-1"},"canonical":"https:\/\/www.montessoriwithlove.fr\/fr\/about-eli-and-montessori-with-love\/","og_locale":"fr_FR","og_type":"article","og_title":"Montessori with Love - About me - Eli Sykora","og_description":"As a founder of Montessori with Love I see my mission in protecting creativity and love for learning that lie within each child.","og_url":"https:\/\/www.montessoriwithlove.fr\/fr\/about-eli-and-montessori-with-love\/","og_site_name":"Montessori with Love","article_publisher":"https:\/\/www.facebook.com\/montessoriwithlove\/","article_modified_time":"2024-04-21T11:37:21+00:00","og_image":[{"width":1381,"height":924,"url":"https:\/\/www.montessoriwithlove.fr\/wp-content\/uploads\/2021\/08\/About-me-photo.jpg","type":"image\/jpeg"}],"twitter_card":"summary_large_image","twitter_misc":{"Dur\u00e9e de lecture estim\u00e9e":"1 minute"},"schema":{"@context":"https:\/\/schema.org","@graph":[{"@type":"WebPage","@id":"https:\/\/www.montessoriwithlove.fr\/about-eli-and-montessori-with-love\/","url":"https:\/\/www.montessoriwithlove.fr\/about-eli-and-montessori-with-love\/","name":"Montessori with Love - About me - Eli Sykora","isPartOf":{"@id":"https:\/\/www.montessoriwithlove.fr\/fr\/#website"},"primaryImageOfPage":{"@id":"https:\/\/www.montessoriwithlove.fr\/about-eli-and-montessori-with-love\/#primaryimage"},"image":{"@id":"https:\/\/www.montessoriwithlove.fr\/about-eli-and-montessori-with-love\/#primaryimage"},"thumbnailUrl":"https:\/\/www.montessoriwithlove.fr\/wp-content\/uploads\/2021\/08\/About-me-photo.jpg","datePublished":"2019-03-08T13:44:03+00:00","dateModified":"2024-04-21T11:37:21+00:00","description":"As a founder of Montessori with Love I see my mission in protecting creativity and love for learning that lie within each child.","breadcrumb":{"@id":"https:\/\/www.montessoriwithlove.fr\/about-eli-and-montessori-with-love\/#breadcrumb"},"inLanguage":"fr-FR","potentialAction":[{"@type":"ReadAction","target":["https:\/\/www.montessoriwithlove.fr\/about-eli-and-montessori-with-love\/"]}]},{"@type":"ImageObject","inLanguage":"fr-FR","@id":"https:\/\/www.montessoriwithlove.fr\/about-eli-and-montessori-with-love\/#primaryimage","url":"https:\/\/www.montessoriwithlove.fr\/wp-content\/uploads\/2021\/08\/About-me-photo.jpg","contentUrl":"https:\/\/www.montessoriwithlove.fr\/wp-content\/uploads\/2021\/08\/About-me-photo.jpg","width":1381,"height":924},{"@type":"BreadcrumbList","@id":"https:\/\/www.montessoriwithlove.fr\/about-eli-and-montessori-with-love\/#breadcrumb","itemListElement":[{"@type":"ListItem","position":1,"name":"Home","item":"https:\/\/www.montessoriwithlove.fr\/"},{"@type":"ListItem","position":2,"name":"About me"}]},{"@type":"WebSite","@id":"https:\/\/www.montessoriwithlove.fr\/fr\/#website","url":"https:\/\/www.montessoriwithlove.fr\/fr\/","name":"Montessori with Love","description":"Free your child\u00b4s potential with Montessori approach","publisher":{"@id":"https:\/\/www.montessoriwithlove.fr\/fr\/#organization"},"potentialAction":[{"@type":"SearchAction","target":{"@type":"EntryPoint","urlTemplate":"https:\/\/www.montessoriwithlove.fr\/fr\/?s={search_term_string}"},"query-input":"required name=search_term_string"}],"inLanguage":"fr-FR"},{"@type":["Organization","Place","Preschool"],"@id":"https:\/\/www.montessoriwithlove.fr\/fr\/#organization","name":"Montessori with Love","url":"https:\/\/www.montessoriwithlove.fr\/fr\/","logo":{"@id":"https:\/\/www.montessoriwithlove.fr\/about-eli-and-montessori-with-love\/#local-main-organization-logo"},"image":{"@id":"https:\/\/www.montessoriwithlove.fr\/about-eli-and-montessori-with-love\/#local-main-organization-logo"},"sameAs":["https:\/\/www.facebook.com\/montessoriwithlove\/","https:\/\/www.instagram.com\/montessoriwithlove.fr\/","https:\/\/www.linkedin.com\/in\/eliskasykora\/"],"address":{"@id":"https:\/\/www.montessoriwithlove.fr\/about-eli-and-montessori-with-love\/#local-main-place-address"},"geo":{"@type":"GeoCoordinates","latitude":"45.7802433","longitude":"3.0873574"},"telephone":["0695353154"],"openingHoursSpecification":[{"@type":"OpeningHoursSpecification","dayOfWeek":["Monday","Tuesday"],"opens":"00:00","closes":"00:00"},{"@type":"OpeningHoursSpecification","dayOfWeek":["Wednesday"],"opens":"09:00","closes":"18:00"},{"@type":"OpeningHoursSpecification","dayOfWeek":["Thursday","Friday"],"opens":"10:00","closes":"13:00"},{"@type":"OpeningHoursSpecification","dayOfWeek":["Saturday"],"opens":"10:00","closes":"17:30"},{"@type":"OpeningHoursSpecification","dayOfWeek":["Sunday"],"opens":"14:00","closes":"16:30"}],"email":"eli@montessoriwithlove.fr"},{"@type":"PostalAddress","@id":"https:\/\/www.montessoriwithlove.fr\/about-eli-and-montessori-with-love\/#local-main-place-address","streetAddress":"14 Rue du Port","addressLocality":"Clermont-Ferrand","postalCode":"63000","addressCountry":"FR"},{"@type":"ImageObject","inLanguage":"fr-FR","@id":"https:\/\/www.montessoriwithlove.fr\/about-eli-and-montessori-with-love\/#local-main-organization-logo","url":"https:\/\/www.montessoriwithlove.fr\/wp-content\/uploads\/2020\/02\/Logotype_icon_transparent.png","contentUrl":"https:\/\/www.montessoriwithlove.fr\/wp-content\/uploads\/2020\/02\/Logotype_icon_transparent.png","width":2481,"height":2481,"caption":"Montessori with Love"}]},"geo.placename":"Clermont-Ferrand","geo.position":{"lat":"45.7802433","long":"3.0873574"},"geo.region":"France"},"_links":{"self":[{"href":"https:\/\/www.montessoriwithlove.fr\/fr\/wp-json\/wp\/v2\/pages\/73730","targetHints":{"allow":["GET"]}}],"collection":[{"href":"https:\/\/www.montessoriwithlove.fr\/fr\/wp-json\/wp\/v2\/pages"}],"about":[{"href":"https:\/\/www.montessoriwithlove.fr\/fr\/wp-json\/wp\/v2\/types\/page"}],"author":[{"embeddable":true,"href":"https:\/\/www.montessoriwithlove.fr\/fr\/wp-json\/wp\/v2\/users\/1"}],"replies":[{"embeddable":true,"href":"https:\/\/www.montessoriwithlove.fr\/fr\/wp-json\/wp\/v2\/comments?post=73730"}],"version-history":[{"count":3,"href":"https:\/\/www.montessoriwithlove.fr\/fr\/wp-json\/wp\/v2\/pages\/73730\/revisions"}],"predecessor-version":[{"id":77504,"href":"https:\/\/www.montessoriwithlove.fr\/fr\/wp-json\/wp\/v2\/pages\/73730\/revisions\/77504"}],"wp:featuredmedia":[{"embeddable":true,"href":"https:\/\/www.montessoriwithlove.fr\/fr\/wp-json\/wp\/v2\/media\/76878"}],"wp:attachment":[{"href":"https:\/\/www.montessoriwithlove.fr\/fr\/wp-json\/wp\/v2\/media?parent=73730"}],"curies":[{"name":"wp","href":"https:\/\/api.w.org\/{rel}","templated":true}]}}